{"id":509,"date":"2024-11-21T21:16:56","date_gmt":"2024-11-21T21:16:56","guid":{"rendered":"https:\/\/igripstud.eu\/?page_id=509"},"modified":"2025-11-23T11:54:27","modified_gmt":"2025-11-23T09:54:27","slug":"contacts","status":"publish","type":"page","link":"https:\/\/igripstud.eu\/sv\/contacts\/","title":{"rendered":"Kontakter"},"content":{"rendered":"<section class=\"section dark\" id=\"section_509749502\">\n\t\t<div class=\"bg section-bg fill bg-fill\" >\n\n\t\t\t\n\t\t\t<div class=\"section-bg-overlay absolute fill\"><\/div>\n\t\t\t\n\n\t\t<\/div>\n\n\t\t\n\t<div class=\"ux-shape-divider ux-shape-divider--bottom ux-shape-divider--style-arrow-invert\">\n\t\t<svg viewbox=\"0 0 1000 100\" xmlns=\"http:\/\/www.w3.org\/2000\/svg\" preserveaspectratio=\"none\">\n\t<path class=\"ux-shape-fill\" d=\"M1000 100H0V80H483L500 97L517 80H1000V100Z\"\/>\n<\/svg>\n\t<\/div>\n\n\t\t<div class=\"section-content relative\">\n\t\t\t\n\n\t<div id=\"gap-656521668\" class=\"gap-element clearfix\" style=\"display:block; height:auto;\">\n\t\t\n<style>\n#gap-656521668 {\n  padding-top: 0px;\n}\n@media (min-width:850px) {\n  #gap-656521668 {\n    padding-top: 0px;\n  }\n}\n<\/style>\n\t<\/div>\n\t\n\n\t<div id=\"text-3995202810\" class=\"text\">\n\t\t\n\n<h1 class=\"uppercase\">Kontakter<\/h1>\n<div id=\"gtx-trans\" style=\"position: absolute; left: -38px; top: -5.55208px;\">\n<div class=\"gtx-trans-icon\">\u00a0<\/div>\n<\/div>\n\t\t\n<style>\n#text-3995202810 {\n  font-size: 1.65rem;\n  text-align: center;\n}\n<\/style>\n\t<\/div>\n\t\n\n\t\t<\/div>\n\n\t\t\n<style>\n#section_509749502 {\n  padding-top: 60px;\n  padding-bottom: 60px;\n  background-color: rgb(40, 40, 40);\n}\n#section_509749502 .section-bg-overlay {\n  background-color: rgba(0, 0, 0, 0.709);\n}\n#section_509749502 .section-bg.bg-loaded {\n  background-image: url(https:\/\/igripstud.eu\/wp-content\/uploads\/2024\/12\/isukami-dygliai-screw-sduds.jpg);\n}\n#section_509749502 .section-bg {\n  background-position: 9% 50%;\n}\n#section_509749502 .ux-shape-divider--bottom svg {\n  height: 50px;\n  --divider-width: 100%;\n}\n@media (min-width:550px) {\n  #section_509749502 .ux-shape-divider--bottom svg {\n    height: 150px;\n  }\n}\n<\/style>\n\t<\/section>\n\t\n<div class=\"row\"  id=\"row-1226454030\">\n\n\n\t<div id=\"col-664907232\" class=\"col small-12 large-12\"  >\n\t\t\t\t<div class=\"col-inner\"  >\n\t\t\t\n\t\t\t\n\n<div class=\"row\"  id=\"row-661612449\">\n\n\n\t<div id=\"col-1072940282\" class=\"col medium-6 small-12 large-6\"  >\n\t\t\t\t<div class=\"col-inner\"  >\n\t\t\t\n\t\t\t\n\n<div class=\"container section-title-container\" ><h2 class=\"section-title section-title-normal\"><b><\/b><span class=\"section-title-main\" >Kontaktinformation<\/span><b><\/b><\/h2><\/div>\n\n<p>Igrip Industries Inc.<br \/>198 rue Olivier, Issoudun<br \/><strong>(Qu\u00e9bec) Kanada G0S 1L0<\/strong><br \/><strong>E-post:<\/strong> <a href=\"mailto:info@igripstud.eu\">info@igripstud.eu<\/a> <br \/><strong>Ring oss nu:<\/strong> \u202f <a href=\"tel:+370 525 55650\">+370 525 55650<\/a><\/p>\n<p>F\u00f6r att m\u00f6ta v\u00e5ra kunders behov behandlar vi dina best\u00e4llningar och levererar dina f\u00f6rs\u00e4ndelser fr\u00e5n bel\u00e4gna leveranslager i Europa. Best\u00e4llningspriset du betalar \u00e4r slutgiltigt, inga extra avgifter tillkommer och kommer att till\u00e4mpas vid leveranstillf\u00e4llet.<\/p>\n<div class=\"social-icons follow-icons\" style=\"font-size:93%\"><a href=\"https:\/\/www.facebook.com\/IGRIPstud\" target=\"_blank\" data-label=\"Facebook\" class=\"icon primary button circle facebook tooltip\" title=\"Follow on Facebook\" aria-label=\"Follow on Facebook\" rel=\"noopener nofollow\" ><i class=\"icon-facebook\" ><\/i><\/a><a href=\"https:\/\/www.instagram.com\/igripstud\/\" target=\"_blank\" data-label=\"Instagram\" class=\"icon primary button circle instagram tooltip\" title=\"Follow on Instagram\" aria-label=\"Follow on Instagram\" rel=\"noopener nofollow\" ><i class=\"icon-instagram\" ><\/i><\/a><a href=\"https:\/\/www.youtube.com\/@igripstud\" data-label=\"YouTube\" target=\"_blank\" class=\"icon primary button circle youtube tooltip\" title=\"Follow on YouTube\" aria-label=\"Follow on YouTube\" rel=\"noopener nofollow\" ><i class=\"icon-youtube\" ><\/i><\/a><\/div>\n\n\n\t\t<\/div>\n\t\t\t\t\t<\/div>\n\n\t\n\n\t<div id=\"col-1734090055\" class=\"col medium-6 small-12 large-6\"  >\n\t\t\t\t<div class=\"col-inner\"  >\n\t\t\t\n\t\t\t\n\n<div class=\"container section-title-container\" ><h2 class=\"section-title section-title-normal\"><b><\/b><span class=\"section-title-main\" >Skriv ett meddelande till oss!<\/span><b><\/b><\/h2><\/div>\n\n\n<div class=\"wpcf7 no-js\" id=\"wpcf7-f15-o1\" lang=\"en-US\" dir=\"ltr\" data-wpcf7-id=\"15\">\n<div class=\"screen-reader-response\"><p role=\"status\" aria-live=\"polite\" aria-atomic=\"true\"><\/p> <ul><\/ul><\/div>\n<form action=\"\/sv\/wp-json\/wp\/v2\/pages\/509#wpcf7-f15-o1\" method=\"post\" class=\"wpcf7-form init\" aria-label=\"Contact form\" novalidate=\"novalidate\" data-status=\"init\" data-trp-original-action=\"\/sv\/wp-json\/wp\/v2\/pages\/509#wpcf7-f15-o1\">\n<fieldset class=\"hidden-fields-container\"><input type=\"hidden\" name=\"_wpcf7\" value=\"15\" \/><input type=\"hidden\" name=\"_wpcf7_version\" value=\"6.1.5\" \/><input type=\"hidden\" name=\"_wpcf7_locale\" value=\"en_US\" \/><input type=\"hidden\" name=\"_wpcf7_unit_tag\" value=\"wpcf7-f15-o1\" \/><input type=\"hidden\" name=\"_wpcf7_container_post\" value=\"0\" \/><input type=\"hidden\" name=\"_wpcf7_posted_data_hash\" value=\"\" \/>\n<\/fieldset>\n<div class=\"form-flat\">\n\t<p><span class=\"wpcf7-form-control-wrap\" data-name=\"your-name\"><input size=\"40\" maxlength=\"400\" class=\"wpcf7-form-control wpcf7-text wpcf7-validates-as-required\" aria-required=\"true\" aria-invalid=\"false\" placeholder=\"Ditt namn (obligatoriskt)\" value=\"\" type=\"text\" name=\"your-name\" \/><\/span>\n\t<\/p>\n\t<p><span class=\"wpcf7-form-control-wrap\" data-name=\"your-email\"><input size=\"40\" maxlength=\"400\" class=\"wpcf7-form-control wpcf7-email wpcf7-validates-as-required wpcf7-text wpcf7-validates-as-email\" aria-required=\"true\" aria-invalid=\"false\" placeholder=\"Din e-post (obligatoriskt)\" value=\"\" type=\"email\" name=\"your-email\" \/><\/span>\n\t<\/p>\n\t<p><span class=\"wpcf7-form-control-wrap\" data-name=\"your-message\"><textarea cols=\"40\" rows=\"10\" maxlength=\"2000\" class=\"wpcf7-form-control wpcf7-textarea\" aria-invalid=\"false\" placeholder=\"Ditt meddelande (obligatoriskt)\" name=\"your-message\"><\/textarea><\/span>\n\t<\/p>\n\t<p><input class=\"wpcf7-form-control wpcf7-submit has-spinner button\" type=\"submit\" value=\"\u00d6verl\u00e4mna\" \/>\n\t<\/p>\n<\/div><div class=\"wpcf7-response-output\" aria-hidden=\"true\"><\/div>\n<input type=\"hidden\" name=\"trp-form-language\" value=\"sv\"\/><\/form>\n<\/div>\n\n\n\n\t\t<\/div>\n\t\t\t\t\t<\/div>\n\n\t\n\n<\/div>\n\n\t\t<\/div>\n\t\t\t\t\t<\/div>\n\n\t\n\n<\/div>","protected":false},"excerpt":{"rendered":"","protected":false},"author":1,"featured_media":0,"parent":0,"menu_order":0,"comment_status":"closed","ping_status":"closed","template":"page-blank.php","meta":{"footnotes":""},"class_list":["post-509","page","type-page","status-publish","hentry"],"yoast_head":"<!-- This site is optimized with the Yoast SEO plugin v27.4 - https:\/\/yoast.com\/product\/yoast-seo-wordpress\/ -->\n<title>Contact iGrip \u2013 Expert Support &amp; Assistance<\/title>\n<meta name=\"description\" content=\"Have questions about screw studs? Contact iGrip for expert support. Get help with orders, product recommendations, and installation guidance.\" \/>\n<meta name=\"robots\" content=\"index, follow, max-snippet:-1, max-image-preview:large, max-video-preview:-1\" \/>\n<link rel=\"canonical\" href=\"https:\/\/igripstud.eu\/sv\/contacts\/\" \/>\n<meta property=\"og:locale\" content=\"sv_SE\" \/>\n<meta property=\"og:type\" content=\"article\" \/>\n<meta property=\"og:title\" content=\"Contact iGrip \u2013 Expert Support &amp; Assistance\" \/>\n<meta property=\"og:description\" content=\"Have questions about screw studs? Contact iGrip for expert support. Get help with orders, product recommendations, and installation guidance.\" \/>\n<meta property=\"og:url\" content=\"https:\/\/igripstud.eu\/sv\/contacts\/\" \/>\n<meta property=\"og:site_name\" content=\"IGRIP SCREW STUD\" \/>\n<meta property=\"article:modified_time\" content=\"2025-11-23T09:54:27+00:00\" \/>\n<meta name=\"twitter:card\" content=\"summary_large_image\" \/>\n<meta name=\"twitter:title\" content=\"Contact iGrip \u2013 Expert Support &amp; Assistance\" \/>\n<meta name=\"twitter:description\" content=\"Have questions about screw studs? Contact iGrip for expert support. Get help with orders, product recommendations, and installation guidance.\" \/>\n<meta name=\"twitter:label1\" content=\"Ber\u00e4knad l\u00e4stid\" \/>\n\t<meta name=\"twitter:data1\" content=\"1 minut\" \/>\n<script type=\"application\/ld+json\" class=\"yoast-schema-graph\">{\"@context\":\"https:\\\/\\\/schema.org\",\"@graph\":[{\"@type\":[\"WebPage\",\"ContactPage\"],\"@id\":\"https:\\\/\\\/igripstud.eu\\\/contacts\\\/\",\"url\":\"https:\\\/\\\/igripstud.eu\\\/contacts\\\/\",\"name\":\"Contact iGrip \u2013 Expert Support & Assistance\",\"isPartOf\":{\"@id\":\"https:\\\/\\\/igripstud.eu\\\/#website\"},\"datePublished\":\"2024-11-21T21:16:56+00:00\",\"dateModified\":\"2025-11-23T09:54:27+00:00\",\"description\":\"Have questions about screw studs? Contact iGrip for expert support. Get help with orders, product recommendations, and installation guidance.\",\"breadcrumb\":{\"@id\":\"https:\\\/\\\/igripstud.eu\\\/contacts\\\/#breadcrumb\"},\"inLanguage\":\"sv-SE\",\"potentialAction\":[{\"@type\":\"ReadAction\",\"target\":[\"https:\\\/\\\/igripstud.eu\\\/contacts\\\/\"]}]},{\"@type\":\"BreadcrumbList\",\"@id\":\"https:\\\/\\\/igripstud.eu\\\/contacts\\\/#breadcrumb\",\"itemListElement\":[{\"@type\":\"ListItem\",\"position\":1,\"name\":\"Home\",\"item\":\"https:\\\/\\\/igripstud.eu\\\/\"},{\"@type\":\"ListItem\",\"position\":2,\"name\":\"Contacts\"}]},{\"@type\":\"WebSite\",\"@id\":\"https:\\\/\\\/igripstud.eu\\\/#website\",\"url\":\"https:\\\/\\\/igripstud.eu\\\/\",\"name\":\"IGRIP SCREW STUD\",\"description\":\"iGripstud.shop\",\"publisher\":{\"@id\":\"https:\\\/\\\/igripstud.eu\\\/#organization\"},\"potentialAction\":[{\"@type\":\"SearchAction\",\"target\":{\"@type\":\"EntryPoint\",\"urlTemplate\":\"https:\\\/\\\/igripstud.eu\\\/?s={search_term_string}\"},\"query-input\":{\"@type\":\"PropertyValueSpecification\",\"valueRequired\":true,\"valueName\":\"search_term_string\"}}],\"inLanguage\":\"sv-SE\"},{\"@type\":\"Organization\",\"@id\":\"https:\\\/\\\/igripstud.eu\\\/#organization\",\"name\":\"IGRIP SCREW STUD\",\"url\":\"https:\\\/\\\/igripstud.eu\\\/\",\"logo\":{\"@type\":\"ImageObject\",\"inLanguage\":\"sv-SE\",\"@id\":\"https:\\\/\\\/igripstud.eu\\\/#\\\/schema\\\/logo\\\/image\\\/\",\"url\":\"https:\\\/\\\/igripstud.eu\\\/wp-content\\\/uploads\\\/2024\\\/11\\\/igriplogo.png\",\"contentUrl\":\"https:\\\/\\\/igripstud.eu\\\/wp-content\\\/uploads\\\/2024\\\/11\\\/igriplogo.png\",\"width\":298,\"height\":101,\"caption\":\"IGRIP SCREW STUD\"},\"image\":{\"@id\":\"https:\\\/\\\/igripstud.eu\\\/#\\\/schema\\\/logo\\\/image\\\/\"}}]}<\/script>\n<!-- \/ Yoast SEO plugin. -->","yoast_head_json":{"title":"Contact iGrip \u2013 Expert Support & Assistance","description":"Have questions about screw studs? Contact iGrip for expert support. Get help with orders, product recommendations, and installation guidance.","robots":{"index":"index","follow":"follow","max-snippet":"max-snippet:-1","max-image-preview":"max-image-preview:large","max-video-preview":"max-video-preview:-1"},"canonical":"https:\/\/igripstud.eu\/sv\/contacts\/","og_locale":"sv_SE","og_type":"article","og_title":"Contact iGrip \u2013 Expert Support & Assistance","og_description":"Have questions about screw studs? Contact iGrip for expert support. Get help with orders, product recommendations, and installation guidance.","og_url":"https:\/\/igripstud.eu\/sv\/contacts\/","og_site_name":"IGRIP SCREW STUD","article_modified_time":"2025-11-23T09:54:27+00:00","twitter_card":"summary_large_image","twitter_title":"Contact iGrip \u2013 Expert Support & Assistance","twitter_description":"Have questions about screw studs? Contact iGrip for expert support. Get help with orders, product recommendations, and installation guidance.","twitter_misc":{"Ber\u00e4knad l\u00e4stid":"1 minut"},"schema":{"@context":"https:\/\/schema.org","@graph":[{"@type":["WebPage","ContactPage"],"@id":"https:\/\/igripstud.eu\/contacts\/","url":"https:\/\/igripstud.eu\/contacts\/","name":"Contact iGrip \u2013 Expert Support & Assistance","isPartOf":{"@id":"https:\/\/igripstud.eu\/#website"},"datePublished":"2024-11-21T21:16:56+00:00","dateModified":"2025-11-23T09:54:27+00:00","description":"Have questions about screw studs? Contact iGrip for expert support. Get help with orders, product recommendations, and installation guidance.","breadcrumb":{"@id":"https:\/\/igripstud.eu\/contacts\/#breadcrumb"},"inLanguage":"sv-SE","potentialAction":[{"@type":"ReadAction","target":["https:\/\/igripstud.eu\/contacts\/"]}]},{"@type":"BreadcrumbList","@id":"https:\/\/igripstud.eu\/contacts\/#breadcrumb","itemListElement":[{"@type":"ListItem","position":1,"name":"Home","item":"https:\/\/igripstud.eu\/"},{"@type":"ListItem","position":2,"name":"Contacts"}]},{"@type":"WebSite","@id":"https:\/\/igripstud.eu\/#website","url":"https:\/\/igripstud.eu\/","name":"IGRIP SCREW STUD","description":"iGripstud.shop","publisher":{"@id":"https:\/\/igripstud.eu\/#organization"},"potentialAction":[{"@type":"SearchAction","target":{"@type":"EntryPoint","urlTemplate":"https:\/\/igripstud.eu\/?s={search_term_string}"},"query-input":{"@type":"PropertyValueSpecification","valueRequired":true,"valueName":"search_term_string"}}],"inLanguage":"sv-SE"},{"@type":"Organization","@id":"https:\/\/igripstud.eu\/#organization","name":"IGRIP SCREW STUD","url":"https:\/\/igripstud.eu\/","logo":{"@type":"ImageObject","inLanguage":"sv-SE","@id":"https:\/\/igripstud.eu\/#\/schema\/logo\/image\/","url":"https:\/\/igripstud.eu\/wp-content\/uploads\/2024\/11\/igriplogo.png","contentUrl":"https:\/\/igripstud.eu\/wp-content\/uploads\/2024\/11\/igriplogo.png","width":298,"height":101,"caption":"IGRIP SCREW STUD"},"image":{"@id":"https:\/\/igripstud.eu\/#\/schema\/logo\/image\/"}}]}},"_hostinger_reach_plugin_has_subscription_block":false,"_hostinger_reach_plugin_is_elementor":false,"_links":{"self":[{"href":"https:\/\/igripstud.eu\/sv\/wp-json\/wp\/v2\/pages\/509","targetHints":{"allow":["GET"]}}],"collection":[{"href":"https:\/\/igripstud.eu\/sv\/wp-json\/wp\/v2\/pages"}],"about":[{"href":"https:\/\/igripstud.eu\/sv\/wp-json\/wp\/v2\/types\/page"}],"author":[{"embeddable":true,"href":"https:\/\/igripstud.eu\/sv\/wp-json\/wp\/v2\/users\/1"}],"replies":[{"embeddable":true,"href":"https:\/\/igripstud.eu\/sv\/wp-json\/wp\/v2\/comments?post=509"}],"version-history":[{"count":1,"href":"https:\/\/igripstud.eu\/sv\/wp-json\/wp\/v2\/pages\/509\/revisions"}],"predecessor-version":[{"id":731,"href":"https:\/\/igripstud.eu\/sv\/wp-json\/wp\/v2\/pages\/509\/revisions\/731"}],"wp:attachment":[{"href":"https:\/\/igripstud.eu\/sv\/wp-json\/wp\/v2\/media?parent=509"}],"curies":[{"name":"wp","href":"https:\/\/api.w.org\/{rel}","templated":true}]}}