{"id":10,"date":"2024-11-21T09:47:57","date_gmt":"2024-11-21T09:47:57","guid":{"rendered":"https:\/\/igripstud.eu\/?page_id=10"},"modified":"2025-11-23T11:56:19","modified_gmt":"2025-11-23T09:56:19","slug":"refund_returns","status":"publish","type":"page","link":"https:\/\/igripstud.eu\/sv\/refund_returns\/","title":{"rendered":"\u00c5terbetalnings- och returpolicy"},"content":{"rendered":"<h2 class=\"wp-block-heading\">\u00d6versikt<\/h2>\n\n\n\n<p>V\u00e5r \u00e5terbetalnings- och returpolicy varar i 30 dagar. Om 30 dagar har g\u00e5tt sedan ditt k\u00f6p kan vi inte erbjuda dig full \u00e5terbetalning eller byte.<\/p>\n\n\n\n<p>F\u00f6r att vara ber\u00e4ttigad till retur m\u00e5ste din vara vara oanv\u00e4nd och i samma skick som du fick den. Den ska ocks\u00e5 vara i originalf\u00f6rpackningen.<\/p>\n\n\n\n<p>Flera typer av varor \u00e4r undantagna fr\u00e5n att returneras. \u00d6vriga varor som mat, blommor, tidningar eller tidskrifter kan inte returneras. Vi accepterar inte heller produkter som \u00e4r intima eller sanit\u00e4ra varor, farliga material eller brandfarliga v\u00e4tskor eller gaser.<\/p>\n\n\n\n<p>Ytterligare eng\u00e5ngsartiklar:<\/p>\n\n\n\n<ul class=\"wp-block-list\">\n<li>Presentkort<\/li>\n\n\n\n<li>Nedladdningsbara mjukvaruprodukter<\/li>\n\n\n\n<li>Vissa h\u00e4lso- och hygienartiklar<\/li>\n<\/ul>\n\n\n\n<p>F\u00f6r att slutf\u00f6ra din retur beh\u00f6ver vi ett kvitto eller k\u00f6pbevis.<\/p>\n\n\n\n<p>Skicka inte tillbaka ditt k\u00f6p till tillverkaren.<\/p>\n\n\n\n<p>Det finns vissa situationer d\u00e4r endast partiella \u00e5terbetalningar beviljas:<\/p>\n\n\n\n<ul class=\"wp-block-list\">\n<li>Bok med tydliga tecken p\u00e5 anv\u00e4ndning<\/li>\n\n\n\n<li>CD, DVD, VHS-band, programvara, videospel, kassettband eller vinylskiva som har \u00f6ppnats.<\/li>\n\n\n\n<li>Alla f\u00f6rem\u00e5l som inte \u00e4r i originalskick, \u00e4r skadade eller saknar delar av sk\u00e4l som inte beror p\u00e5 v\u00e5rt fel.<\/li>\n\n\n\n<li>Alla varor som returneras mer \u00e4n 30 dagar efter leverans<\/li>\n<\/ul>\n\n\n\n<p><h2>\u00c5terbetalningar<\/h2><\/p>\n\n\n\n<p>N\u00e4r din retur har mottagits och inspekterats skickar vi ett e-postmeddelande till dig f\u00f6r att meddela att vi har tagit emot din returnerade vara. Vi kommer ocks\u00e5 att meddela dig om godk\u00e4nnande eller avslag p\u00e5 din \u00e5terbetalning.<\/p>\n\n\n\n<p>Om du blir godk\u00e4nd kommer din \u00e5terbetalning att behandlas och en kredit kommer automatiskt att till\u00e4mpas p\u00e5 ditt kreditkort eller din ursprungliga betalningsmetod, inom ett visst antal dagar.<\/p>\n\n\n\n<h3 class=\"wp-block-heading\">F\u00f6rsenade eller saknade \u00e5terbetalningar<\/h3>\n\n\n\n<p>Om du inte har f\u00e5tt n\u00e5gon \u00e5terbetalning \u00e4nnu, kontrollera f\u00f6rst ditt bankkonto igen.<\/p>\n\n\n\n<p>Kontakta sedan ditt kreditkortsf\u00f6retag, det kan ta lite tid innan din \u00e5terbetalning publiceras officiellt.<\/p>\n\n\n\n<p>Kontakta sedan din bank. Det \u00e4r ofta en viss handl\u00e4ggningstid innan en \u00e5terbetalning bokf\u00f6rs.<\/p>\n\n\n\n<p>Om du har gjort allt detta och du fortfarande inte har f\u00e5tt din \u00e5terbetalning \u00e4nnu, kontakta oss p\u00e5 {email address}.<\/p>\n\n\n\n<h3 class=\"wp-block-heading\">F\u00f6rs\u00e4ljningsartiklar<\/h3>\n\n\n\n<p>Endast ordinarie prissatta varor kan \u00e5terbetalas. Reavaror kan inte \u00e5terbetalas.<\/p>\n\n\n\n<p><h2>Utbyten<\/h2><\/p>\n\n\n\n<p>Vi byter endast ut varor om de \u00e4r defekta eller skadade. Om du beh\u00f6ver byta den mot samma vara, skicka oss ett e-postmeddelande p\u00e5 {email address} och skicka din vara till: {physical address}.<\/p>\n\n\n\n<p><h2>G\u00e5vor<\/h2><\/p>\n\n\n\n<p>Om varan markerades som en g\u00e5va n\u00e4r den k\u00f6ptes och skickades direkt till dig, f\u00e5r du en g\u00e5vokredit f\u00f6r v\u00e4rdet av din retur. N\u00e4r den returnerade varan har tagits emot skickas ett presentkort till dig.<\/p>\n\n\n\n<p>Om varan inte var markerad som en g\u00e5va n\u00e4r den k\u00f6ptes, eller om g\u00e5vogivaren fick best\u00e4llningen skickad till sig sj\u00e4lv f\u00f6r att ge till dig senare, skickar vi en \u00e5terbetalning till g\u00e5vogivaren och de kommer att f\u00e5 reda p\u00e5 din retur.<\/p>\n\n\n\n<p><h2>Frakt returer<\/h2><\/p>\n\n\n\n<p>F\u00f6r att returnera din produkt b\u00f6r du posta produkten till: {physical address}.<\/p>\n\n\n\n<p>Du kommer att st\u00e5 f\u00f6r dina egna fraktkostnader f\u00f6r att returnera din vara. Fraktkostnader \u00e5terbetalas ej. Om du f\u00e5r en \u00e5terbetalning kommer kostnaden f\u00f6r returfrakten att dras av fr\u00e5n din \u00e5terbetalning.<\/p>\n\n\n\n<p>Beroende p\u00e5 var du bor kan tiden det kan ta f\u00f6r din utbytta produkt att n\u00e5 dig variera.<\/p>\n\n\n\n<p>Om du returnerar dyrare varor kan du \u00f6verv\u00e4ga att anv\u00e4nda en sp\u00e5rbar frakttj\u00e4nst eller k\u00f6pa fraktf\u00f6rs\u00e4kring. Vi garanterar inte att vi kommer att ta emot din returnerade vara.<\/p>\n\n\n\n<p><h2>Beh\u00f6ver du hj\u00e4lp?<\/h2><\/p>\n\n\n\n<p>Kontakta oss p\u00e5 {email} f\u00f6r fr\u00e5gor relaterade till \u00e5terbetalningar och returer.<\/p>","protected":false},"excerpt":{"rendered":"<p>Overview Our refund and returns policy lasts 30 days. If 30 days have passed since your purchase, we can\u2019t offer you a full refund or exchange. To be eligible for a return, your item must be unused and in the same condition that you received it. It must also be in the original packaging. Several [&#8230;]\n","protected":false},"author":1,"featured_media":0,"parent":0,"menu_order":0,"comment_status":"closed","ping_status":"closed","template":"","meta":{"footnotes":""},"class_list":["post-10","page","type-page","status-publish","hentry"],"yoast_head":"<!-- This site is optimized with the Yoast SEO plugin v27.4 - https:\/\/yoast.com\/product\/yoast-seo-wordpress\/ -->\n<title>Refund &amp; Returns Policy \u2013 iGrip<\/title>\n<meta name=\"description\" content=\"Learn about the iGrip refund and returns policy. Clear guidelines for returning screw studs and resolving order issues.\" \/>\n<meta name=\"robots\" content=\"index, follow, max-snippet:-1, max-image-preview:large, max-video-preview:-1\" \/>\n<link rel=\"canonical\" href=\"https:\/\/igripstud.eu\/sv\/refund_returns\/\" \/>\n<meta property=\"og:locale\" content=\"sv_SE\" \/>\n<meta property=\"og:type\" content=\"article\" \/>\n<meta property=\"og:title\" content=\"Refund &amp; Returns Policy \u2013 iGrip\" \/>\n<meta property=\"og:description\" content=\"Learn about the iGrip refund and returns policy. Clear guidelines for returning screw studs and resolving order issues.\" \/>\n<meta property=\"og:url\" content=\"https:\/\/igripstud.eu\/sv\/refund_returns\/\" \/>\n<meta property=\"og:site_name\" content=\"IGRIP SCREW STUD\" \/>\n<meta property=\"article:modified_time\" content=\"2025-11-23T09:56:19+00:00\" \/>\n<meta name=\"twitter:card\" content=\"summary_large_image\" \/>\n<meta name=\"twitter:title\" content=\"Refund &amp; Returns Policy \u2013 iGrip\" \/>\n<meta name=\"twitter:description\" content=\"Learn about the iGrip refund and returns policy. Clear guidelines for returning screw studs and resolving order issues.\" \/>\n<meta name=\"twitter:label1\" content=\"Ber\u00e4knad l\u00e4stid\" \/>\n\t<meta name=\"twitter:data1\" content=\"3 minuter\" \/>\n<script type=\"application\/ld+json\" class=\"yoast-schema-graph\">{\"@context\":\"https:\\\/\\\/schema.org\",\"@graph\":[{\"@type\":\"WebPage\",\"@id\":\"https:\\\/\\\/igripstud.eu\\\/refund_returns\\\/\",\"url\":\"https:\\\/\\\/igripstud.eu\\\/refund_returns\\\/\",\"name\":\"Refund & Returns Policy \u2013 iGrip\",\"isPartOf\":{\"@id\":\"https:\\\/\\\/igripstud.eu\\\/#website\"},\"datePublished\":\"2024-11-21T09:47:57+00:00\",\"dateModified\":\"2025-11-23T09:56:19+00:00\",\"description\":\"Learn about the iGrip refund and returns policy. Clear guidelines for returning screw studs and resolving order issues.\",\"breadcrumb\":{\"@id\":\"https:\\\/\\\/igripstud.eu\\\/refund_returns\\\/#breadcrumb\"},\"inLanguage\":\"sv-SE\",\"potentialAction\":[{\"@type\":\"ReadAction\",\"target\":[\"https:\\\/\\\/igripstud.eu\\\/refund_returns\\\/\"]}]},{\"@type\":\"BreadcrumbList\",\"@id\":\"https:\\\/\\\/igripstud.eu\\\/refund_returns\\\/#breadcrumb\",\"itemListElement\":[{\"@type\":\"ListItem\",\"position\":1,\"name\":\"Home\",\"item\":\"https:\\\/\\\/igripstud.eu\\\/\"},{\"@type\":\"ListItem\",\"position\":2,\"name\":\"Refund and Returns Policy\"}]},{\"@type\":\"WebSite\",\"@id\":\"https:\\\/\\\/igripstud.eu\\\/#website\",\"url\":\"https:\\\/\\\/igripstud.eu\\\/\",\"name\":\"IGRIP SCREW STUD\",\"description\":\"iGripstud.shop\",\"publisher\":{\"@id\":\"https:\\\/\\\/igripstud.eu\\\/#organization\"},\"potentialAction\":[{\"@type\":\"SearchAction\",\"target\":{\"@type\":\"EntryPoint\",\"urlTemplate\":\"https:\\\/\\\/igripstud.eu\\\/?s={search_term_string}\"},\"query-input\":{\"@type\":\"PropertyValueSpecification\",\"valueRequired\":true,\"valueName\":\"search_term_string\"}}],\"inLanguage\":\"sv-SE\"},{\"@type\":\"Organization\",\"@id\":\"https:\\\/\\\/igripstud.eu\\\/#organization\",\"name\":\"IGRIP SCREW STUD\",\"url\":\"https:\\\/\\\/igripstud.eu\\\/\",\"logo\":{\"@type\":\"ImageObject\",\"inLanguage\":\"sv-SE\",\"@id\":\"https:\\\/\\\/igripstud.eu\\\/#\\\/schema\\\/logo\\\/image\\\/\",\"url\":\"https:\\\/\\\/igripstud.eu\\\/wp-content\\\/uploads\\\/2024\\\/11\\\/igriplogo.png\",\"contentUrl\":\"https:\\\/\\\/igripstud.eu\\\/wp-content\\\/uploads\\\/2024\\\/11\\\/igriplogo.png\",\"width\":298,\"height\":101,\"caption\":\"IGRIP SCREW STUD\"},\"image\":{\"@id\":\"https:\\\/\\\/igripstud.eu\\\/#\\\/schema\\\/logo\\\/image\\\/\"}}]}<\/script>\n<!-- \/ Yoast SEO plugin. -->","yoast_head_json":{"title":"Refund & Returns Policy \u2013 iGrip","description":"Learn about the iGrip refund and returns policy. Clear guidelines for returning screw studs and resolving order issues.","robots":{"index":"index","follow":"follow","max-snippet":"max-snippet:-1","max-image-preview":"max-image-preview:large","max-video-preview":"max-video-preview:-1"},"canonical":"https:\/\/igripstud.eu\/sv\/refund_returns\/","og_locale":"sv_SE","og_type":"article","og_title":"Refund & Returns Policy \u2013 iGrip","og_description":"Learn about the iGrip refund and returns policy. Clear guidelines for returning screw studs and resolving order issues.","og_url":"https:\/\/igripstud.eu\/sv\/refund_returns\/","og_site_name":"IGRIP SCREW STUD","article_modified_time":"2025-11-23T09:56:19+00:00","twitter_card":"summary_large_image","twitter_title":"Refund & Returns Policy \u2013 iGrip","twitter_description":"Learn about the iGrip refund and returns policy. Clear guidelines for returning screw studs and resolving order issues.","twitter_misc":{"Ber\u00e4knad l\u00e4stid":"3 minuter"},"schema":{"@context":"https:\/\/schema.org","@graph":[{"@type":"WebPage","@id":"https:\/\/igripstud.eu\/refund_returns\/","url":"https:\/\/igripstud.eu\/refund_returns\/","name":"Refund & Returns Policy \u2013 iGrip","isPartOf":{"@id":"https:\/\/igripstud.eu\/#website"},"datePublished":"2024-11-21T09:47:57+00:00","dateModified":"2025-11-23T09:56:19+00:00","description":"Learn about the iGrip refund and returns policy. Clear guidelines for returning screw studs and resolving order issues.","breadcrumb":{"@id":"https:\/\/igripstud.eu\/refund_returns\/#breadcrumb"},"inLanguage":"sv-SE","potentialAction":[{"@type":"ReadAction","target":["https:\/\/igripstud.eu\/refund_returns\/"]}]},{"@type":"BreadcrumbList","@id":"https:\/\/igripstud.eu\/refund_returns\/#breadcrumb","itemListElement":[{"@type":"ListItem","position":1,"name":"Home","item":"https:\/\/igripstud.eu\/"},{"@type":"ListItem","position":2,"name":"Refund and Returns Policy"}]},{"@type":"WebSite","@id":"https:\/\/igripstud.eu\/#website","url":"https:\/\/igripstud.eu\/","name":"IGRIP SCREW STUD","description":"iGripstud.shop","publisher":{"@id":"https:\/\/igripstud.eu\/#organization"},"potentialAction":[{"@type":"SearchAction","target":{"@type":"EntryPoint","urlTemplate":"https:\/\/igripstud.eu\/?s={search_term_string}"},"query-input":{"@type":"PropertyValueSpecification","valueRequired":true,"valueName":"search_term_string"}}],"inLanguage":"sv-SE"},{"@type":"Organization","@id":"https:\/\/igripstud.eu\/#organization","name":"IGRIP SCREW STUD","url":"https:\/\/igripstud.eu\/","logo":{"@type":"ImageObject","inLanguage":"sv-SE","@id":"https:\/\/igripstud.eu\/#\/schema\/logo\/image\/","url":"https:\/\/igripstud.eu\/wp-content\/uploads\/2024\/11\/igriplogo.png","contentUrl":"https:\/\/igripstud.eu\/wp-content\/uploads\/2024\/11\/igriplogo.png","width":298,"height":101,"caption":"IGRIP SCREW STUD"},"image":{"@id":"https:\/\/igripstud.eu\/#\/schema\/logo\/image\/"}}]}},"_hostinger_reach_plugin_has_subscription_block":false,"_hostinger_reach_plugin_is_elementor":false,"_links":{"self":[{"href":"https:\/\/igripstud.eu\/sv\/wp-json\/wp\/v2\/pages\/10","targetHints":{"allow":["GET"]}}],"collection":[{"href":"https:\/\/igripstud.eu\/sv\/wp-json\/wp\/v2\/pages"}],"about":[{"href":"https:\/\/igripstud.eu\/sv\/wp-json\/wp\/v2\/types\/page"}],"author":[{"embeddable":true,"href":"https:\/\/igripstud.eu\/sv\/wp-json\/wp\/v2\/users\/1"}],"replies":[{"embeddable":true,"href":"https:\/\/igripstud.eu\/sv\/wp-json\/wp\/v2\/comments?post=10"}],"version-history":[{"count":1,"href":"https:\/\/igripstud.eu\/sv\/wp-json\/wp\/v2\/pages\/10\/revisions"}],"predecessor-version":[{"id":735,"href":"https:\/\/igripstud.eu\/sv\/wp-json\/wp\/v2\/pages\/10\/revisions\/735"}],"wp:attachment":[{"href":"https:\/\/igripstud.eu\/sv\/wp-json\/wp\/v2\/media?parent=10"}],"curies":[{"name":"wp","href":"https:\/\/api.w.org\/{rel}","templated":true}]}}