{"id":356,"date":"2024-11-21T09:06:31","date_gmt":"2024-11-21T09:06:31","guid":{"rendered":"https:\/\/igripstud.eu\/?post_type=product&#038;p=356"},"modified":"2026-04-19T02:49:36","modified_gmt":"2026-04-19T00:49:36","slug":"st-24r-igrip-standard-racing-studs","status":"publish","type":"product","link":"https:\/\/igripstud.eu\/pl\/produkt\/st-24r-igrip-standard-racing-studs\/","title":{"rendered":"ST-24R IGRIP IGRIP STANDARDOWE KOLCE"},"content":{"rendered":"<ul>\n<li>Do skuter\u00f3w \u015bnie\u017cnych<\/li>\n<li>Motocross<\/li>\n<li>ATV<\/li>\n<\/ul>\n<p>Polecamy ten produkt:\u00a0<strong>Snowmobile track 1,25\u2019\u2019 &amp; more.\u00a0<\/strong><\/p>\n<p><strong><em>*Note that if your track is pre-drilled,\u00a0we recommend the ST-25R which is a little bit bigger in diameter.\u00a0We&#8217;re happy to help if you have any questions!\u00a0<\/em><\/strong><\/p>","protected":false},"excerpt":{"rendered":"<ul>\n<li>Ponadwymiarowy i zaostrzony w\u0119glik wolframu<\/li>\n<li>Zwi\u0119kszona przyczepno\u015b\u0107<\/li>\n<li>Stal ocynkowana ogniowo i galwanizowany trzpie\u0144<\/li>\n<li>Du\u017cy profil zapewniaj\u0105cy dobre zakotwiczenie<\/li>\n<li>D\u0142ugotrwa\u0142a wytrzyma\u0142o\u015b\u0107<\/li>\n<li>Lekki<\/li>\n<li>\u0141atwy w monta\u017cu i demonta\u017cu<\/li>\n<li>100, 150, 200, 250 and 1000 unit packages<\/li>\n<\/ul>\n<p><strong>UWAGA! W ka\u017cdym opakowaniu znajduje si\u0119 narz\u0119dzie instalacyjne<\/strong><\/p>","protected":false},"featured_media":380,"comment_status":"open","ping_status":"closed","template":"","meta":[],"product_brand":[],"product_cat":[20,24],"product_tag":[],"class_list":{"0":"post-356","1":"product","2":"type-product","3":"status-publish","4":"has-post-thumbnail","6":"product_cat-recreational-vehicles","7":"product_cat-snowmobile","9":"first","10":"instock","11":"taxable","12":"shipping-taxable","13":"purchasable","14":"product-type-variable"},"yoast_head":"<!-- This site is optimized with the Yoast SEO plugin v27.4 - https:\/\/yoast.com\/product\/yoast-seo-wordpress\/ -->\n<title>ST-24R IGRIP STANDARD RACING STUDS - IGRIP SCREW STUD<\/title>\n<meta name=\"description\" content=\"Buy ST-24R IGRIP STANDARD RACING STUDS from iGrip. Premium Canadian screw studs designed for maximum traction, durability, and easy installation.\" \/>\n<meta name=\"robots\" content=\"index, follow, max-snippet:-1, max-image-preview:large, max-video-preview:-1\" \/>\n<link rel=\"canonical\" href=\"https:\/\/igripstud.eu\/pl\/produkt\/st-24r-igrip-standard-racing-studs\/\" \/>\n<meta property=\"og:locale\" content=\"pl_PL\" \/>\n<meta property=\"og:type\" content=\"article\" \/>\n<meta property=\"og:title\" content=\"ST-24R IGRIP STANDARD RACING STUDS - IGRIP SCREW STUD\" \/>\n<meta property=\"og:description\" content=\"Buy ST-24R IGRIP STANDARD RACING STUDS from iGrip. Premium Canadian screw studs designed for maximum traction, durability, and easy installation.\" \/>\n<meta property=\"og:url\" content=\"https:\/\/igripstud.eu\/pl\/produkt\/st-24r-igrip-standard-racing-studs\/\" \/>\n<meta property=\"og:site_name\" content=\"IGRIP SCREW STUD\" \/>\n<meta property=\"article:modified_time\" content=\"2026-04-19T00:49:36+00:00\" \/>\n<meta property=\"og:image\" content=\"https:\/\/igripstud.eu\/wp-content\/uploads\/2024\/11\/st-24r_2_751x626_1665134787.png\" \/>\n\t<meta property=\"og:image:width\" content=\"751\" \/>\n\t<meta property=\"og:image:height\" content=\"626\" \/>\n\t<meta property=\"og:image:type\" content=\"image\/png\" \/>\n<meta name=\"twitter:card\" content=\"summary_large_image\" \/>\n<meta name=\"twitter:description\" content=\"Buy ST-24R IGRIP STANDARD RACING STUDS from iGrip. Premium Canadian screw studs designed for maximum traction, durability, and easy installation.\" \/>\n<meta name=\"twitter:label1\" content=\"Szacowany czas czytania\" \/>\n\t<meta name=\"twitter:data1\" content=\"1 minuta\" \/>\n<script type=\"application\/ld+json\" class=\"yoast-schema-graph\">{\"@context\":\"https:\\\/\\\/schema.org\",\"@graph\":[{\"@type\":\"WebPage\",\"@id\":\"https:\\\/\\\/igripstud.eu\\\/product\\\/st-24r-igrip-standard-racing-studs\\\/\",\"url\":\"https:\\\/\\\/igripstud.eu\\\/product\\\/st-24r-igrip-standard-racing-studs\\\/\",\"name\":\"ST-24R IGRIP STANDARD RACING STUDS - IGRIP SCREW STUD\",\"isPartOf\":{\"@id\":\"https:\\\/\\\/igripstud.eu\\\/#website\"},\"primaryImageOfPage\":{\"@id\":\"https:\\\/\\\/igripstud.eu\\\/product\\\/st-24r-igrip-standard-racing-studs\\\/#primaryimage\"},\"image\":{\"@id\":\"https:\\\/\\\/igripstud.eu\\\/product\\\/st-24r-igrip-standard-racing-studs\\\/#primaryimage\"},\"thumbnailUrl\":\"https:\\\/\\\/igripstud.eu\\\/wp-content\\\/uploads\\\/2024\\\/11\\\/st-24r_2_751x626_1665134787.png\",\"datePublished\":\"2024-11-21T09:06:31+00:00\",\"dateModified\":\"2026-04-19T00:49:36+00:00\",\"description\":\"Buy ST-24R IGRIP STANDARD RACING STUDS from iGrip. Premium Canadian screw studs designed for maximum traction, durability, and easy installation.\",\"breadcrumb\":{\"@id\":\"https:\\\/\\\/igripstud.eu\\\/product\\\/st-24r-igrip-standard-racing-studs\\\/#breadcrumb\"},\"inLanguage\":\"pl-PL\",\"potentialAction\":[{\"@type\":\"ReadAction\",\"target\":[\"https:\\\/\\\/igripstud.eu\\\/product\\\/st-24r-igrip-standard-racing-studs\\\/\"]}]},{\"@type\":\"ImageObject\",\"inLanguage\":\"pl-PL\",\"@id\":\"https:\\\/\\\/igripstud.eu\\\/product\\\/st-24r-igrip-standard-racing-studs\\\/#primaryimage\",\"url\":\"https:\\\/\\\/igripstud.eu\\\/wp-content\\\/uploads\\\/2024\\\/11\\\/st-24r_2_751x626_1665134787.png\",\"contentUrl\":\"https:\\\/\\\/igripstud.eu\\\/wp-content\\\/uploads\\\/2024\\\/11\\\/st-24r_2_751x626_1665134787.png\",\"width\":751,\"height\":626},{\"@type\":\"BreadcrumbList\",\"@id\":\"https:\\\/\\\/igripstud.eu\\\/product\\\/st-24r-igrip-standard-racing-studs\\\/#breadcrumb\",\"itemListElement\":[{\"@type\":\"ListItem\",\"position\":1,\"name\":\"Home\",\"item\":\"https:\\\/\\\/igripstud.eu\\\/\"},{\"@type\":\"ListItem\",\"position\":2,\"name\":\"Shop\",\"item\":\"https:\\\/\\\/igripstud.eu\\\/shop\\\/\"},{\"@type\":\"ListItem\",\"position\":3,\"name\":\"ST-24R IGRIP STANDARD RACING STUDS\"}]},{\"@type\":\"WebSite\",\"@id\":\"https:\\\/\\\/igripstud.eu\\\/#website\",\"url\":\"https:\\\/\\\/igripstud.eu\\\/\",\"name\":\"IGRIP SCREW STUD\",\"description\":\"iGripstud.shop\",\"publisher\":{\"@id\":\"https:\\\/\\\/igripstud.eu\\\/#organization\"},\"potentialAction\":[{\"@type\":\"SearchAction\",\"target\":{\"@type\":\"EntryPoint\",\"urlTemplate\":\"https:\\\/\\\/igripstud.eu\\\/?s={search_term_string}\"},\"query-input\":{\"@type\":\"PropertyValueSpecification\",\"valueRequired\":true,\"valueName\":\"search_term_string\"}}],\"inLanguage\":\"pl-PL\"},{\"@type\":\"Organization\",\"@id\":\"https:\\\/\\\/igripstud.eu\\\/#organization\",\"name\":\"IGRIP SCREW STUD\",\"url\":\"https:\\\/\\\/igripstud.eu\\\/\",\"logo\":{\"@type\":\"ImageObject\",\"inLanguage\":\"pl-PL\",\"@id\":\"https:\\\/\\\/igripstud.eu\\\/#\\\/schema\\\/logo\\\/image\\\/\",\"url\":\"https:\\\/\\\/igripstud.eu\\\/wp-content\\\/uploads\\\/2024\\\/11\\\/igriplogo.png\",\"contentUrl\":\"https:\\\/\\\/igripstud.eu\\\/wp-content\\\/uploads\\\/2024\\\/11\\\/igriplogo.png\",\"width\":298,\"height\":101,\"caption\":\"IGRIP SCREW STUD\"},\"image\":{\"@id\":\"https:\\\/\\\/igripstud.eu\\\/#\\\/schema\\\/logo\\\/image\\\/\"}}]}<\/script>\n<!-- \/ Yoast SEO plugin. -->","yoast_head_json":{"title":"ST-24R IGRIP STANDARD RACING STUDS - IGRIP SCREW STUD","description":"Buy ST-24R IGRIP STANDARD RACING STUDS from iGrip. Premium Canadian screw studs designed for maximum traction, durability, and easy installation.","robots":{"index":"index","follow":"follow","max-snippet":"max-snippet:-1","max-image-preview":"max-image-preview:large","max-video-preview":"max-video-preview:-1"},"canonical":"https:\/\/igripstud.eu\/pl\/produkt\/st-24r-igrip-standard-racing-studs\/","og_locale":"pl_PL","og_type":"article","og_title":"ST-24R IGRIP STANDARD RACING STUDS - IGRIP SCREW STUD","og_description":"Buy ST-24R IGRIP STANDARD RACING STUDS from iGrip. Premium Canadian screw studs designed for maximum traction, durability, and easy installation.","og_url":"https:\/\/igripstud.eu\/pl\/produkt\/st-24r-igrip-standard-racing-studs\/","og_site_name":"IGRIP SCREW STUD","article_modified_time":"2026-04-19T00:49:36+00:00","og_image":[{"width":751,"height":626,"url":"https:\/\/igripstud.eu\/wp-content\/uploads\/2024\/11\/st-24r_2_751x626_1665134787.png","type":"image\/png"}],"twitter_card":"summary_large_image","twitter_description":"Buy ST-24R IGRIP STANDARD RACING STUDS from iGrip. Premium Canadian screw studs designed for maximum traction, durability, and easy installation.","twitter_misc":{"Szacowany czas czytania":"1 minuta"},"schema":{"@context":"https:\/\/schema.org","@graph":[{"@type":"WebPage","@id":"https:\/\/igripstud.eu\/product\/st-24r-igrip-standard-racing-studs\/","url":"https:\/\/igripstud.eu\/product\/st-24r-igrip-standard-racing-studs\/","name":"ST-24R IGRIP STANDARD RACING STUDS - IGRIP SCREW STUD","isPartOf":{"@id":"https:\/\/igripstud.eu\/#website"},"primaryImageOfPage":{"@id":"https:\/\/igripstud.eu\/product\/st-24r-igrip-standard-racing-studs\/#primaryimage"},"image":{"@id":"https:\/\/igripstud.eu\/product\/st-24r-igrip-standard-racing-studs\/#primaryimage"},"thumbnailUrl":"https:\/\/igripstud.eu\/wp-content\/uploads\/2024\/11\/st-24r_2_751x626_1665134787.png","datePublished":"2024-11-21T09:06:31+00:00","dateModified":"2026-04-19T00:49:36+00:00","description":"Buy ST-24R IGRIP STANDARD RACING STUDS from iGrip. Premium Canadian screw studs designed for maximum traction, durability, and easy installation.","breadcrumb":{"@id":"https:\/\/igripstud.eu\/product\/st-24r-igrip-standard-racing-studs\/#breadcrumb"},"inLanguage":"pl-PL","potentialAction":[{"@type":"ReadAction","target":["https:\/\/igripstud.eu\/product\/st-24r-igrip-standard-racing-studs\/"]}]},{"@type":"ImageObject","inLanguage":"pl-PL","@id":"https:\/\/igripstud.eu\/product\/st-24r-igrip-standard-racing-studs\/#primaryimage","url":"https:\/\/igripstud.eu\/wp-content\/uploads\/2024\/11\/st-24r_2_751x626_1665134787.png","contentUrl":"https:\/\/igripstud.eu\/wp-content\/uploads\/2024\/11\/st-24r_2_751x626_1665134787.png","width":751,"height":626},{"@type":"BreadcrumbList","@id":"https:\/\/igripstud.eu\/product\/st-24r-igrip-standard-racing-studs\/#breadcrumb","itemListElement":[{"@type":"ListItem","position":1,"name":"Home","item":"https:\/\/igripstud.eu\/"},{"@type":"ListItem","position":2,"name":"Shop","item":"https:\/\/igripstud.eu\/shop\/"},{"@type":"ListItem","position":3,"name":"ST-24R IGRIP STANDARD RACING STUDS"}]},{"@type":"WebSite","@id":"https:\/\/igripstud.eu\/#website","url":"https:\/\/igripstud.eu\/","name":"IGRIP SCREW STUD","description":"iGripstud.shop","publisher":{"@id":"https:\/\/igripstud.eu\/#organization"},"potentialAction":[{"@type":"SearchAction","target":{"@type":"EntryPoint","urlTemplate":"https:\/\/igripstud.eu\/?s={search_term_string}"},"query-input":{"@type":"PropertyValueSpecification","valueRequired":true,"valueName":"search_term_string"}}],"inLanguage":"pl-PL"},{"@type":"Organization","@id":"https:\/\/igripstud.eu\/#organization","name":"IGRIP SCREW STUD","url":"https:\/\/igripstud.eu\/","logo":{"@type":"ImageObject","inLanguage":"pl-PL","@id":"https:\/\/igripstud.eu\/#\/schema\/logo\/image\/","url":"https:\/\/igripstud.eu\/wp-content\/uploads\/2024\/11\/igriplogo.png","contentUrl":"https:\/\/igripstud.eu\/wp-content\/uploads\/2024\/11\/igriplogo.png","width":298,"height":101,"caption":"IGRIP SCREW STUD"},"image":{"@id":"https:\/\/igripstud.eu\/#\/schema\/logo\/image\/"}}]}},"_links":{"self":[{"href":"https:\/\/igripstud.eu\/pl\/wp-json\/wp\/v2\/product\/356","targetHints":{"allow":["GET"]}}],"collection":[{"href":"https:\/\/igripstud.eu\/pl\/wp-json\/wp\/v2\/product"}],"about":[{"href":"https:\/\/igripstud.eu\/pl\/wp-json\/wp\/v2\/types\/product"}],"replies":[{"embeddable":true,"href":"https:\/\/igripstud.eu\/pl\/wp-json\/wp\/v2\/comments?post=356"}],"wp:featuredmedia":[{"embeddable":true,"href":"https:\/\/igripstud.eu\/pl\/wp-json\/wp\/v2\/media\/380"}],"wp:attachment":[{"href":"https:\/\/igripstud.eu\/pl\/wp-json\/wp\/v2\/media?parent=356"}],"wp:term":[{"taxonomy":"product_brand","embeddable":true,"href":"https:\/\/igripstud.eu\/pl\/wp-json\/wp\/v2\/product_brand?post=356"},{"taxonomy":"product_cat","embeddable":true,"href":"https:\/\/igripstud.eu\/pl\/wp-json\/wp\/v2\/product_cat?post=356"},{"taxonomy":"product_tag","embeddable":true,"href":"https:\/\/igripstud.eu\/pl\/wp-json\/wp\/v2\/product_tag?post=356"}],"curies":[{"name":"wp","href":"https:\/\/api.w.org\/{rel}","templated":true}]}}