{"id":242,"date":"2024-11-21T09:05:55","date_gmt":"2024-11-21T09:05:55","guid":{"rendered":"https:\/\/igripstud.eu\/?post_type=product&#038;p=242"},"modified":"2026-01-13T18:13:41","modified_gmt":"2026-01-13T16:13:41","slug":"ss-06r-igrip-shouldered-racing-tire-studs","status":"publish","type":"product","link":"https:\/\/igripstud.eu\/nb\/produkt\/ss-06r-igrip-shouldered-racing-tire-studs\/","title":{"rendered":"SS-06R IGRIP SKULDERDE RACING DEKKPINTER"},"content":{"rendered":"<ul>\n<li>Vernesko<\/li>\n<li>Motocross<\/li>\n<li>Enduro\/Fat-bikes<\/li>\n<li>ATV<\/li>\n<li>Minitraktor<\/li>\n<li>Sn\u00f8freser<\/li>\n<\/ul>","protected":false},"excerpt":{"rendered":"<ul>\n<li>Overdimensjonert og spiss wolframkarbid<\/li>\n<li>Varmdypet st\u00e5l og galvanisert pigg<\/li>\n<li>Forhindrer \u00e5 synke i dekket<\/li>\n<li>Stor slitebane for god forankring<\/li>\n<li>Mulighet for montering p\u00e5 tynn gummi<\/li>\n<li>God holdbarhet<\/li>\n<li>Lys<\/li>\n<li>Enkel \u00e5 installere og demontere<\/li>\n<li>24, 100, 150, 200 og 1000 enhetspakker<\/li>\n<\/ul>\n<p><strong>V\u00e6r oppmerksom p\u00e5 at det f\u00f8lger med et installasjonsverkt\u00f8y i hver boks<\/strong><\/p>","protected":false},"featured_media":261,"comment_status":"open","ping_status":"closed","template":"","meta":[],"product_brand":[],"product_cat":[23,22],"product_tag":[],"class_list":{"0":"post-242","1":"product","2":"type-product","3":"status-publish","4":"has-post-thumbnail","6":"product_cat-bike","7":"product_cat-footwear","9":"first","10":"instock","11":"taxable","12":"shipping-taxable","13":"purchasable","14":"product-type-variable"},"yoast_head":"<!-- This site is optimized with the Yoast SEO plugin v27.4 - https:\/\/yoast.com\/product\/yoast-seo-wordpress\/ -->\n<title>SS-06R IGRIP SHOULDERED RACING TIRE STUDS - IGRIP SCREW STUD<\/title>\n<meta name=\"description\" content=\"Buy SS-06R IGRIP SHOULDERED RACING TIRE STUDS from iGrip. Premium Canadian screw studs designed for maximum traction, durability, and easy installation.\" \/>\n<meta name=\"robots\" content=\"index, follow, max-snippet:-1, max-image-preview:large, max-video-preview:-1\" \/>\n<link rel=\"canonical\" href=\"https:\/\/igripstud.eu\/nb\/produkt\/ss-06r-igrip-shouldered-racing-tire-studs\/\" \/>\n<meta property=\"og:locale\" content=\"nb_NO\" \/>\n<meta property=\"og:type\" content=\"article\" \/>\n<meta property=\"og:title\" content=\"SS-06R IGRIP SHOULDERED RACING TIRE STUDS - IGRIP SCREW STUD\" \/>\n<meta property=\"og:description\" content=\"Buy SS-06R IGRIP SHOULDERED RACING TIRE STUDS from iGrip. Premium Canadian screw studs designed for maximum traction, durability, and easy installation.\" \/>\n<meta property=\"og:url\" content=\"https:\/\/igripstud.eu\/nb\/produkt\/ss-06r-igrip-shouldered-racing-tire-studs\/\" \/>\n<meta property=\"og:site_name\" content=\"IGRIP SCREW STUD\" \/>\n<meta property=\"article:modified_time\" content=\"2026-01-13T16:13:41+00:00\" \/>\n<meta property=\"og:image\" content=\"https:\/\/igripstud.eu\/wp-content\/uploads\/2024\/11\/ss-06r-2_751x626_1665130358.png\" \/>\n\t<meta property=\"og:image:width\" content=\"751\" \/>\n\t<meta property=\"og:image:height\" content=\"626\" \/>\n\t<meta property=\"og:image:type\" content=\"image\/png\" \/>\n<meta name=\"twitter:card\" content=\"summary_large_image\" \/>\n<meta name=\"twitter:description\" content=\"Buy SS-06R IGRIP SHOULDERED RACING TIRE STUDS from iGrip. Premium Canadian screw studs designed for maximum traction, durability, and easy installation.\" \/>\n<meta name=\"twitter:label1\" content=\"Ansl. lesetid\" \/>\n\t<meta name=\"twitter:data1\" content=\"1 minutt\" \/>\n<script type=\"application\/ld+json\" class=\"yoast-schema-graph\">{\"@context\":\"https:\\\/\\\/schema.org\",\"@graph\":[{\"@type\":\"WebPage\",\"@id\":\"https:\\\/\\\/igripstud.eu\\\/product\\\/ss-06r-igrip-shouldered-racing-tire-studs\\\/\",\"url\":\"https:\\\/\\\/igripstud.eu\\\/product\\\/ss-06r-igrip-shouldered-racing-tire-studs\\\/\",\"name\":\"SS-06R IGRIP SHOULDERED RACING TIRE STUDS - IGRIP SCREW STUD\",\"isPartOf\":{\"@id\":\"https:\\\/\\\/igripstud.eu\\\/#website\"},\"primaryImageOfPage\":{\"@id\":\"https:\\\/\\\/igripstud.eu\\\/product\\\/ss-06r-igrip-shouldered-racing-tire-studs\\\/#primaryimage\"},\"image\":{\"@id\":\"https:\\\/\\\/igripstud.eu\\\/product\\\/ss-06r-igrip-shouldered-racing-tire-studs\\\/#primaryimage\"},\"thumbnailUrl\":\"https:\\\/\\\/igripstud.eu\\\/wp-content\\\/uploads\\\/2024\\\/11\\\/ss-06r-2_751x626_1665130358.png\",\"datePublished\":\"2024-11-21T09:05:55+00:00\",\"dateModified\":\"2026-01-13T16:13:41+00:00\",\"description\":\"Buy SS-06R IGRIP SHOULDERED RACING TIRE STUDS from iGrip. Premium Canadian screw studs designed for maximum traction, durability, and easy installation.\",\"breadcrumb\":{\"@id\":\"https:\\\/\\\/igripstud.eu\\\/product\\\/ss-06r-igrip-shouldered-racing-tire-studs\\\/#breadcrumb\"},\"inLanguage\":\"nb-NO\",\"potentialAction\":[{\"@type\":\"ReadAction\",\"target\":[\"https:\\\/\\\/igripstud.eu\\\/product\\\/ss-06r-igrip-shouldered-racing-tire-studs\\\/\"]}]},{\"@type\":\"ImageObject\",\"inLanguage\":\"nb-NO\",\"@id\":\"https:\\\/\\\/igripstud.eu\\\/product\\\/ss-06r-igrip-shouldered-racing-tire-studs\\\/#primaryimage\",\"url\":\"https:\\\/\\\/igripstud.eu\\\/wp-content\\\/uploads\\\/2024\\\/11\\\/ss-06r-2_751x626_1665130358.png\",\"contentUrl\":\"https:\\\/\\\/igripstud.eu\\\/wp-content\\\/uploads\\\/2024\\\/11\\\/ss-06r-2_751x626_1665130358.png\",\"width\":751,\"height\":626},{\"@type\":\"BreadcrumbList\",\"@id\":\"https:\\\/\\\/igripstud.eu\\\/product\\\/ss-06r-igrip-shouldered-racing-tire-studs\\\/#breadcrumb\",\"itemListElement\":[{\"@type\":\"ListItem\",\"position\":1,\"name\":\"Home\",\"item\":\"https:\\\/\\\/igripstud.eu\\\/\"},{\"@type\":\"ListItem\",\"position\":2,\"name\":\"Shop\",\"item\":\"https:\\\/\\\/igripstud.eu\\\/shop\\\/\"},{\"@type\":\"ListItem\",\"position\":3,\"name\":\"SS-06R IGRIP SHOULDERED RACING TIRE STUDS\"}]},{\"@type\":\"WebSite\",\"@id\":\"https:\\\/\\\/igripstud.eu\\\/#website\",\"url\":\"https:\\\/\\\/igripstud.eu\\\/\",\"name\":\"IGRIP SCREW STUD\",\"description\":\"iGripstud.shop\",\"publisher\":{\"@id\":\"https:\\\/\\\/igripstud.eu\\\/#organization\"},\"potentialAction\":[{\"@type\":\"SearchAction\",\"target\":{\"@type\":\"EntryPoint\",\"urlTemplate\":\"https:\\\/\\\/igripstud.eu\\\/?s={search_term_string}\"},\"query-input\":{\"@type\":\"PropertyValueSpecification\",\"valueRequired\":true,\"valueName\":\"search_term_string\"}}],\"inLanguage\":\"nb-NO\"},{\"@type\":\"Organization\",\"@id\":\"https:\\\/\\\/igripstud.eu\\\/#organization\",\"name\":\"IGRIP SCREW STUD\",\"url\":\"https:\\\/\\\/igripstud.eu\\\/\",\"logo\":{\"@type\":\"ImageObject\",\"inLanguage\":\"nb-NO\",\"@id\":\"https:\\\/\\\/igripstud.eu\\\/#\\\/schema\\\/logo\\\/image\\\/\",\"url\":\"https:\\\/\\\/igripstud.eu\\\/wp-content\\\/uploads\\\/2024\\\/11\\\/igriplogo.png\",\"contentUrl\":\"https:\\\/\\\/igripstud.eu\\\/wp-content\\\/uploads\\\/2024\\\/11\\\/igriplogo.png\",\"width\":298,\"height\":101,\"caption\":\"IGRIP SCREW STUD\"},\"image\":{\"@id\":\"https:\\\/\\\/igripstud.eu\\\/#\\\/schema\\\/logo\\\/image\\\/\"}}]}<\/script>\n<!-- \/ Yoast SEO plugin. -->","yoast_head_json":{"title":"SS-06R IGRIP SHOULDERED RACING TIRE STUDS - IGRIP SCREW STUD","description":"Buy SS-06R IGRIP SHOULDERED RACING TIRE STUDS from iGrip. Premium Canadian screw studs designed for maximum traction, durability, and easy installation.","robots":{"index":"index","follow":"follow","max-snippet":"max-snippet:-1","max-image-preview":"max-image-preview:large","max-video-preview":"max-video-preview:-1"},"canonical":"https:\/\/igripstud.eu\/nb\/produkt\/ss-06r-igrip-shouldered-racing-tire-studs\/","og_locale":"nb_NO","og_type":"article","og_title":"SS-06R IGRIP SHOULDERED RACING TIRE STUDS - IGRIP SCREW STUD","og_description":"Buy SS-06R IGRIP SHOULDERED RACING TIRE STUDS from iGrip. Premium Canadian screw studs designed for maximum traction, durability, and easy installation.","og_url":"https:\/\/igripstud.eu\/nb\/produkt\/ss-06r-igrip-shouldered-racing-tire-studs\/","og_site_name":"IGRIP SCREW STUD","article_modified_time":"2026-01-13T16:13:41+00:00","og_image":[{"width":751,"height":626,"url":"https:\/\/igripstud.eu\/wp-content\/uploads\/2024\/11\/ss-06r-2_751x626_1665130358.png","type":"image\/png"}],"twitter_card":"summary_large_image","twitter_description":"Buy SS-06R IGRIP SHOULDERED RACING TIRE STUDS from iGrip. Premium Canadian screw studs designed for maximum traction, durability, and easy installation.","twitter_misc":{"Ansl. lesetid":"1 minutt"},"schema":{"@context":"https:\/\/schema.org","@graph":[{"@type":"WebPage","@id":"https:\/\/igripstud.eu\/product\/ss-06r-igrip-shouldered-racing-tire-studs\/","url":"https:\/\/igripstud.eu\/product\/ss-06r-igrip-shouldered-racing-tire-studs\/","name":"SS-06R IGRIP SHOULDERED RACING TIRE STUDS - IGRIP SCREW STUD","isPartOf":{"@id":"https:\/\/igripstud.eu\/#website"},"primaryImageOfPage":{"@id":"https:\/\/igripstud.eu\/product\/ss-06r-igrip-shouldered-racing-tire-studs\/#primaryimage"},"image":{"@id":"https:\/\/igripstud.eu\/product\/ss-06r-igrip-shouldered-racing-tire-studs\/#primaryimage"},"thumbnailUrl":"https:\/\/igripstud.eu\/wp-content\/uploads\/2024\/11\/ss-06r-2_751x626_1665130358.png","datePublished":"2024-11-21T09:05:55+00:00","dateModified":"2026-01-13T16:13:41+00:00","description":"Buy SS-06R IGRIP SHOULDERED RACING TIRE STUDS from iGrip. Premium Canadian screw studs designed for maximum traction, durability, and easy installation.","breadcrumb":{"@id":"https:\/\/igripstud.eu\/product\/ss-06r-igrip-shouldered-racing-tire-studs\/#breadcrumb"},"inLanguage":"nb-NO","potentialAction":[{"@type":"ReadAction","target":["https:\/\/igripstud.eu\/product\/ss-06r-igrip-shouldered-racing-tire-studs\/"]}]},{"@type":"ImageObject","inLanguage":"nb-NO","@id":"https:\/\/igripstud.eu\/product\/ss-06r-igrip-shouldered-racing-tire-studs\/#primaryimage","url":"https:\/\/igripstud.eu\/wp-content\/uploads\/2024\/11\/ss-06r-2_751x626_1665130358.png","contentUrl":"https:\/\/igripstud.eu\/wp-content\/uploads\/2024\/11\/ss-06r-2_751x626_1665130358.png","width":751,"height":626},{"@type":"BreadcrumbList","@id":"https:\/\/igripstud.eu\/product\/ss-06r-igrip-shouldered-racing-tire-studs\/#breadcrumb","itemListElement":[{"@type":"ListItem","position":1,"name":"Home","item":"https:\/\/igripstud.eu\/"},{"@type":"ListItem","position":2,"name":"Shop","item":"https:\/\/igripstud.eu\/shop\/"},{"@type":"ListItem","position":3,"name":"SS-06R IGRIP SHOULDERED RACING TIRE STUDS"}]},{"@type":"WebSite","@id":"https:\/\/igripstud.eu\/#website","url":"https:\/\/igripstud.eu\/","name":"IGRIP SCREW STUD","description":"iGripstud.shop","publisher":{"@id":"https:\/\/igripstud.eu\/#organization"},"potentialAction":[{"@type":"SearchAction","target":{"@type":"EntryPoint","urlTemplate":"https:\/\/igripstud.eu\/?s={search_term_string}"},"query-input":{"@type":"PropertyValueSpecification","valueRequired":true,"valueName":"search_term_string"}}],"inLanguage":"nb-NO"},{"@type":"Organization","@id":"https:\/\/igripstud.eu\/#organization","name":"IGRIP SCREW STUD","url":"https:\/\/igripstud.eu\/","logo":{"@type":"ImageObject","inLanguage":"nb-NO","@id":"https:\/\/igripstud.eu\/#\/schema\/logo\/image\/","url":"https:\/\/igripstud.eu\/wp-content\/uploads\/2024\/11\/igriplogo.png","contentUrl":"https:\/\/igripstud.eu\/wp-content\/uploads\/2024\/11\/igriplogo.png","width":298,"height":101,"caption":"IGRIP SCREW STUD"},"image":{"@id":"https:\/\/igripstud.eu\/#\/schema\/logo\/image\/"}}]}},"_links":{"self":[{"href":"https:\/\/igripstud.eu\/nb\/wp-json\/wp\/v2\/product\/242","targetHints":{"allow":["GET"]}}],"collection":[{"href":"https:\/\/igripstud.eu\/nb\/wp-json\/wp\/v2\/product"}],"about":[{"href":"https:\/\/igripstud.eu\/nb\/wp-json\/wp\/v2\/types\/product"}],"replies":[{"embeddable":true,"href":"https:\/\/igripstud.eu\/nb\/wp-json\/wp\/v2\/comments?post=242"}],"wp:featuredmedia":[{"embeddable":true,"href":"https:\/\/igripstud.eu\/nb\/wp-json\/wp\/v2\/media\/261"}],"wp:attachment":[{"href":"https:\/\/igripstud.eu\/nb\/wp-json\/wp\/v2\/media?parent=242"}],"wp:term":[{"taxonomy":"product_brand","embeddable":true,"href":"https:\/\/igripstud.eu\/nb\/wp-json\/wp\/v2\/product_brand?post=242"},{"taxonomy":"product_cat","embeddable":true,"href":"https:\/\/igripstud.eu\/nb\/wp-json\/wp\/v2\/product_cat?post=242"},{"taxonomy":"product_tag","embeddable":true,"href":"https:\/\/igripstud.eu\/nb\/wp-json\/wp\/v2\/product_tag?post=242"}],"curies":[{"name":"wp","href":"https:\/\/api.w.org\/{rel}","templated":true}]}}