{"id":398,"date":"2024-11-21T09:06:41","date_gmt":"2024-11-21T09:06:41","guid":{"rendered":"https:\/\/igripstud.eu\/?post_type=product&#038;p=398"},"modified":"2025-11-23T12:39:32","modified_gmt":"2025-11-23T10:39:32","slug":"ss-504050-40-50-mm-shouldered-tire-studs-tool","status":"publish","type":"product","link":"https:\/\/igripstud.eu\/lv\/products\/ss-504050-40-50-mm-shouldered-tire-studs-tool\/","title":{"rendered":"SS-504050 \u2013 40, 50\u00a0MM RADZ\u0112M AR PLECU MONT\u0100\u017dAS R\u012aKS"},"content":{"rendered":"","protected":false},"excerpt":{"rendered":"<section class=\"product-item-section\">\n<div class=\"container\">\n<div class=\"product-item-container pure-g\">\n<div class=\"pure-u-1-1 pure-u-md-1-2\">\n<div class=\"product-item-descr\">\n<div class=\"accorditions-block\">\n<div class=\"\" data-class-toggle=\"border\">\n<div class=\"accord\">\n<section class=\"product-item-section\">\n<div class=\"container\">\n<div class=\"product-item-container pure-g\">\n<div class=\"pure-u-1-1 pure-u-md-1-2\">\n<div class=\"product-item-descr\">\n<div class=\"accorditions-block\">\n<div class=\"\" data-class-toggle=\"border\">\n<div class=\"accord\">\n<section class=\"product-item-section\">\n<div class=\"container\">\n<div class=\"product-item-container pure-g\">\n<div class=\"pure-u-1-1 pure-u-md-1-2\">\n<div class=\"product-item-descr\">\n<div class=\"accorditions-block\">\n<div class=\"\" data-class-toggle=\"border\">\n<div class=\"accord\">\n<div>\n<p>(1x) Instruments iGRIP riepu radz\u0113m 40mm (SS-40) un 50mm (SS-50).<\/p>\n<\/div>\n<\/div>\n<\/div>\n<\/div>\n<\/div>\n<\/div>\n<\/div>\n<\/div>\n<\/section>\n<\/div>\n<\/div>\n<\/div>\n<\/div>\n<\/div>\n<\/div>\n<\/div>\n<\/section>\n<\/div>\n<\/div>\n<\/div>\n<\/div>\n<\/div>\n<\/div>\n<\/div>\n<\/section>","protected":false},"featured_media":410,"comment_status":"open","ping_status":"closed","template":"","meta":[],"product_brand":[],"product_cat":[25],"product_tag":[],"class_list":{"0":"post-398","1":"product","2":"type-product","3":"status-publish","4":"has-post-thumbnail","6":"product_cat-tool","8":"first","9":"instock","10":"taxable","11":"shipping-taxable","12":"purchasable","13":"product-type-simple"},"yoast_head":"<!-- This site is optimized with the Yoast SEO plugin v27.4 - https:\/\/yoast.com\/product\/yoast-seo-wordpress\/ -->\n<title>SS-504050 - 40, 50 MM SHOULDERED TIRE STUDS TOOL - IGRIP SCREW STUD<\/title>\n<meta name=\"description\" content=\"Buy SS-504050 - 40, 50 MM SHOULDERED TIRE STUDS TOOL from iGrip. Premium Canadian screw studs designed for maximum traction, durability, and easy installation.\" \/>\n<meta name=\"robots\" content=\"index, follow, max-snippet:-1, max-image-preview:large, max-video-preview:-1\" \/>\n<link rel=\"canonical\" href=\"https:\/\/igripstud.eu\/lv\/products\/ss-504050-40-50-mm-shouldered-tire-studs-tool\/\" \/>\n<meta property=\"og:locale\" content=\"lv_LV\" \/>\n<meta property=\"og:type\" content=\"article\" \/>\n<meta property=\"og:title\" content=\"SS-504050 - 40, 50 MM SHOULDERED TIRE STUDS TOOL - IGRIP SCREW STUD\" \/>\n<meta property=\"og:description\" content=\"Buy SS-504050 - 40, 50 MM SHOULDERED TIRE STUDS TOOL from iGrip. Premium Canadian screw studs designed for maximum traction, durability, and easy installation.\" \/>\n<meta property=\"og:url\" content=\"https:\/\/igripstud.eu\/lv\/products\/ss-504050-40-50-mm-shouldered-tire-studs-tool\/\" \/>\n<meta property=\"og:site_name\" content=\"IGRIP SCREW STUD\" \/>\n<meta property=\"article:modified_time\" content=\"2025-11-23T10:39:32+00:00\" \/>\n<meta property=\"og:image\" content=\"https:\/\/igripstud.eu\/wp-content\/uploads\/2024\/11\/ss-404040_365x747_1665572955-17e19e1bae3079549708fae70040cd45.webp\" \/>\n\t<meta property=\"og:image:width\" content=\"1000\" \/>\n\t<meta property=\"og:image:height\" content=\"914\" \/>\n\t<meta property=\"og:image:type\" content=\"image\/webp\" \/>\n<meta name=\"twitter:card\" content=\"summary_large_image\" \/>\n<meta name=\"twitter:description\" content=\"Buy SS-504050 - 40, 50 MM SHOULDERED TIRE STUDS TOOL from iGrip. Premium Canadian screw studs designed for maximum traction, durability, and easy installation.\" \/>\n<meta name=\"twitter:label1\" content=\"Est. reading time\" \/>\n\t<meta name=\"twitter:data1\" content=\"1 min\u016bte\" \/>\n<script type=\"application\/ld+json\" class=\"yoast-schema-graph\">{\"@context\":\"https:\\\/\\\/schema.org\",\"@graph\":[{\"@type\":\"WebPage\",\"@id\":\"https:\\\/\\\/igripstud.eu\\\/product\\\/ss-504050-40-50-mm-shouldered-tire-studs-tool\\\/\",\"url\":\"https:\\\/\\\/igripstud.eu\\\/product\\\/ss-504050-40-50-mm-shouldered-tire-studs-tool\\\/\",\"name\":\"SS-504050 - 40, 50 MM SHOULDERED TIRE STUDS TOOL - IGRIP SCREW STUD\",\"isPartOf\":{\"@id\":\"https:\\\/\\\/igripstud.eu\\\/#website\"},\"primaryImageOfPage\":{\"@id\":\"https:\\\/\\\/igripstud.eu\\\/product\\\/ss-504050-40-50-mm-shouldered-tire-studs-tool\\\/#primaryimage\"},\"image\":{\"@id\":\"https:\\\/\\\/igripstud.eu\\\/product\\\/ss-504050-40-50-mm-shouldered-tire-studs-tool\\\/#primaryimage\"},\"thumbnailUrl\":\"https:\\\/\\\/igripstud.eu\\\/wp-content\\\/uploads\\\/2024\\\/11\\\/ss-404040_365x747_1665572955-17e19e1bae3079549708fae70040cd45.webp\",\"datePublished\":\"2024-11-21T09:06:41+00:00\",\"dateModified\":\"2025-11-23T10:39:32+00:00\",\"description\":\"Buy SS-504050 - 40, 50 MM SHOULDERED TIRE STUDS TOOL from iGrip. Premium Canadian screw studs designed for maximum traction, durability, and easy installation.\",\"breadcrumb\":{\"@id\":\"https:\\\/\\\/igripstud.eu\\\/product\\\/ss-504050-40-50-mm-shouldered-tire-studs-tool\\\/#breadcrumb\"},\"inLanguage\":\"lv-LV\",\"potentialAction\":[{\"@type\":\"ReadAction\",\"target\":[\"https:\\\/\\\/igripstud.eu\\\/product\\\/ss-504050-40-50-mm-shouldered-tire-studs-tool\\\/\"]}]},{\"@type\":\"ImageObject\",\"inLanguage\":\"lv-LV\",\"@id\":\"https:\\\/\\\/igripstud.eu\\\/product\\\/ss-504050-40-50-mm-shouldered-tire-studs-tool\\\/#primaryimage\",\"url\":\"https:\\\/\\\/igripstud.eu\\\/wp-content\\\/uploads\\\/2024\\\/11\\\/ss-404040_365x747_1665572955-17e19e1bae3079549708fae70040cd45.webp\",\"contentUrl\":\"https:\\\/\\\/igripstud.eu\\\/wp-content\\\/uploads\\\/2024\\\/11\\\/ss-404040_365x747_1665572955-17e19e1bae3079549708fae70040cd45.webp\",\"width\":1000,\"height\":914},{\"@type\":\"BreadcrumbList\",\"@id\":\"https:\\\/\\\/igripstud.eu\\\/product\\\/ss-504050-40-50-mm-shouldered-tire-studs-tool\\\/#breadcrumb\",\"itemListElement\":[{\"@type\":\"ListItem\",\"position\":1,\"name\":\"Home\",\"item\":\"https:\\\/\\\/igripstud.eu\\\/\"},{\"@type\":\"ListItem\",\"position\":2,\"name\":\"Shop\",\"item\":\"https:\\\/\\\/igripstud.eu\\\/shop\\\/\"},{\"@type\":\"ListItem\",\"position\":3,\"name\":\"SS-504050 &#8211; 40, 50 MM SHOULDERED TIRE STUDS TOOL\"}]},{\"@type\":\"WebSite\",\"@id\":\"https:\\\/\\\/igripstud.eu\\\/#website\",\"url\":\"https:\\\/\\\/igripstud.eu\\\/\",\"name\":\"IGRIP SCREW STUD\",\"description\":\"iGripstud.shop\",\"publisher\":{\"@id\":\"https:\\\/\\\/igripstud.eu\\\/#organization\"},\"potentialAction\":[{\"@type\":\"SearchAction\",\"target\":{\"@type\":\"EntryPoint\",\"urlTemplate\":\"https:\\\/\\\/igripstud.eu\\\/?s={search_term_string}\"},\"query-input\":{\"@type\":\"PropertyValueSpecification\",\"valueRequired\":true,\"valueName\":\"search_term_string\"}}],\"inLanguage\":\"lv-LV\"},{\"@type\":\"Organization\",\"@id\":\"https:\\\/\\\/igripstud.eu\\\/#organization\",\"name\":\"IGRIP SCREW STUD\",\"url\":\"https:\\\/\\\/igripstud.eu\\\/\",\"logo\":{\"@type\":\"ImageObject\",\"inLanguage\":\"lv-LV\",\"@id\":\"https:\\\/\\\/igripstud.eu\\\/#\\\/schema\\\/logo\\\/image\\\/\",\"url\":\"https:\\\/\\\/igripstud.eu\\\/wp-content\\\/uploads\\\/2024\\\/11\\\/igriplogo.png\",\"contentUrl\":\"https:\\\/\\\/igripstud.eu\\\/wp-content\\\/uploads\\\/2024\\\/11\\\/igriplogo.png\",\"width\":298,\"height\":101,\"caption\":\"IGRIP SCREW STUD\"},\"image\":{\"@id\":\"https:\\\/\\\/igripstud.eu\\\/#\\\/schema\\\/logo\\\/image\\\/\"}}]}<\/script>\n<!-- \/ Yoast SEO plugin. -->","yoast_head_json":{"title":"SS-504050 - 40, 50 MM SHOULDERED TIRE STUDS TOOL - IGRIP SCREW STUD","description":"Buy SS-504050 - 40, 50 MM SHOULDERED TIRE STUDS TOOL from iGrip. Premium Canadian screw studs designed for maximum traction, durability, and easy installation.","robots":{"index":"index","follow":"follow","max-snippet":"max-snippet:-1","max-image-preview":"max-image-preview:large","max-video-preview":"max-video-preview:-1"},"canonical":"https:\/\/igripstud.eu\/lv\/products\/ss-504050-40-50-mm-shouldered-tire-studs-tool\/","og_locale":"lv_LV","og_type":"article","og_title":"SS-504050 - 40, 50 MM SHOULDERED TIRE STUDS TOOL - IGRIP SCREW STUD","og_description":"Buy SS-504050 - 40, 50 MM SHOULDERED TIRE STUDS TOOL from iGrip. Premium Canadian screw studs designed for maximum traction, durability, and easy installation.","og_url":"https:\/\/igripstud.eu\/lv\/products\/ss-504050-40-50-mm-shouldered-tire-studs-tool\/","og_site_name":"IGRIP SCREW STUD","article_modified_time":"2025-11-23T10:39:32+00:00","og_image":[{"width":1000,"height":914,"url":"https:\/\/igripstud.eu\/wp-content\/uploads\/2024\/11\/ss-404040_365x747_1665572955-17e19e1bae3079549708fae70040cd45.webp","type":"image\/webp"}],"twitter_card":"summary_large_image","twitter_description":"Buy SS-504050 - 40, 50 MM SHOULDERED TIRE STUDS TOOL from iGrip. Premium Canadian screw studs designed for maximum traction, durability, and easy installation.","twitter_misc":{"Est. reading time":"1 min\u016bte"},"schema":{"@context":"https:\/\/schema.org","@graph":[{"@type":"WebPage","@id":"https:\/\/igripstud.eu\/product\/ss-504050-40-50-mm-shouldered-tire-studs-tool\/","url":"https:\/\/igripstud.eu\/product\/ss-504050-40-50-mm-shouldered-tire-studs-tool\/","name":"SS-504050 - 40, 50 MM SHOULDERED TIRE STUDS TOOL - IGRIP SCREW STUD","isPartOf":{"@id":"https:\/\/igripstud.eu\/#website"},"primaryImageOfPage":{"@id":"https:\/\/igripstud.eu\/product\/ss-504050-40-50-mm-shouldered-tire-studs-tool\/#primaryimage"},"image":{"@id":"https:\/\/igripstud.eu\/product\/ss-504050-40-50-mm-shouldered-tire-studs-tool\/#primaryimage"},"thumbnailUrl":"https:\/\/igripstud.eu\/wp-content\/uploads\/2024\/11\/ss-404040_365x747_1665572955-17e19e1bae3079549708fae70040cd45.webp","datePublished":"2024-11-21T09:06:41+00:00","dateModified":"2025-11-23T10:39:32+00:00","description":"Buy SS-504050 - 40, 50 MM SHOULDERED TIRE STUDS TOOL from iGrip. Premium Canadian screw studs designed for maximum traction, durability, and easy installation.","breadcrumb":{"@id":"https:\/\/igripstud.eu\/product\/ss-504050-40-50-mm-shouldered-tire-studs-tool\/#breadcrumb"},"inLanguage":"lv-LV","potentialAction":[{"@type":"ReadAction","target":["https:\/\/igripstud.eu\/product\/ss-504050-40-50-mm-shouldered-tire-studs-tool\/"]}]},{"@type":"ImageObject","inLanguage":"lv-LV","@id":"https:\/\/igripstud.eu\/product\/ss-504050-40-50-mm-shouldered-tire-studs-tool\/#primaryimage","url":"https:\/\/igripstud.eu\/wp-content\/uploads\/2024\/11\/ss-404040_365x747_1665572955-17e19e1bae3079549708fae70040cd45.webp","contentUrl":"https:\/\/igripstud.eu\/wp-content\/uploads\/2024\/11\/ss-404040_365x747_1665572955-17e19e1bae3079549708fae70040cd45.webp","width":1000,"height":914},{"@type":"BreadcrumbList","@id":"https:\/\/igripstud.eu\/product\/ss-504050-40-50-mm-shouldered-tire-studs-tool\/#breadcrumb","itemListElement":[{"@type":"ListItem","position":1,"name":"Home","item":"https:\/\/igripstud.eu\/"},{"@type":"ListItem","position":2,"name":"Shop","item":"https:\/\/igripstud.eu\/shop\/"},{"@type":"ListItem","position":3,"name":"SS-504050 &#8211; 40, 50 MM SHOULDERED TIRE STUDS TOOL"}]},{"@type":"WebSite","@id":"https:\/\/igripstud.eu\/#website","url":"https:\/\/igripstud.eu\/","name":"IGRIP SCREW STUD","description":"iGripstud.shop","publisher":{"@id":"https:\/\/igripstud.eu\/#organization"},"potentialAction":[{"@type":"SearchAction","target":{"@type":"EntryPoint","urlTemplate":"https:\/\/igripstud.eu\/?s={search_term_string}"},"query-input":{"@type":"PropertyValueSpecification","valueRequired":true,"valueName":"search_term_string"}}],"inLanguage":"lv-LV"},{"@type":"Organization","@id":"https:\/\/igripstud.eu\/#organization","name":"IGRIP SCREW STUD","url":"https:\/\/igripstud.eu\/","logo":{"@type":"ImageObject","inLanguage":"lv-LV","@id":"https:\/\/igripstud.eu\/#\/schema\/logo\/image\/","url":"https:\/\/igripstud.eu\/wp-content\/uploads\/2024\/11\/igriplogo.png","contentUrl":"https:\/\/igripstud.eu\/wp-content\/uploads\/2024\/11\/igriplogo.png","width":298,"height":101,"caption":"IGRIP SCREW STUD"},"image":{"@id":"https:\/\/igripstud.eu\/#\/schema\/logo\/image\/"}}]}},"_links":{"self":[{"href":"https:\/\/igripstud.eu\/lv\/wp-json\/wp\/v2\/product\/398","targetHints":{"allow":["GET"]}}],"collection":[{"href":"https:\/\/igripstud.eu\/lv\/wp-json\/wp\/v2\/product"}],"about":[{"href":"https:\/\/igripstud.eu\/lv\/wp-json\/wp\/v2\/types\/product"}],"replies":[{"embeddable":true,"href":"https:\/\/igripstud.eu\/lv\/wp-json\/wp\/v2\/comments?post=398"}],"wp:featuredmedia":[{"embeddable":true,"href":"https:\/\/igripstud.eu\/lv\/wp-json\/wp\/v2\/media\/410"}],"wp:attachment":[{"href":"https:\/\/igripstud.eu\/lv\/wp-json\/wp\/v2\/media?parent=398"}],"wp:term":[{"taxonomy":"product_brand","embeddable":true,"href":"https:\/\/igripstud.eu\/lv\/wp-json\/wp\/v2\/product_brand?post=398"},{"taxonomy":"product_cat","embeddable":true,"href":"https:\/\/igripstud.eu\/lv\/wp-json\/wp\/v2\/product_cat?post=398"},{"taxonomy":"product_tag","embeddable":true,"href":"https:\/\/igripstud.eu\/lv\/wp-json\/wp\/v2\/product_tag?post=398"}],"curies":[{"name":"wp","href":"https:\/\/api.w.org\/{rel}","templated":true}]}}