{"id":373,"date":"2024-11-21T09:06:32","date_gmt":"2024-11-21T09:06:32","guid":{"rendered":"https:\/\/igripstud.eu\/?post_type=product&#038;p=373"},"modified":"2025-11-23T12:36:22","modified_gmt":"2025-11-23T10:36:22","slug":"st-15r-standard-igrip-racing-studs","status":"publish","type":"product","link":"https:\/\/igripstud.eu\/lv\/products\/st-15r-standard-igrip-racing-studs\/","title":{"rendered":"ST-15R STANDARTA IGRIP SAC\u012a\u0145U STIEGES"},"content":{"rendered":"<ul>\n<li>Motokross<\/li>\n<li>Enduro<\/li>\n<li>ATV<\/li>\n<\/ul>","protected":false},"excerpt":{"rendered":"<ul>\n<li>Oversized and flat tungsten carbide<\/li>\n<li>Uzlabotai sa\u0137erei<\/li>\n<li>Karsti iegremd\u0113ts t\u0113rauds un cinkota tapa<\/li>\n<li>Liels protektors labam noenkurojumam<\/li>\n<li>Ilgsto\u0161a iztur\u012bba<\/li>\n<li>Gaisma<\/li>\n<li>Viegli uzst\u0101d\u012bt un demont\u0113t<\/li>\n<li>100, 150, 200 un 1000 vien\u012bbu iepakojumi<\/li>\n<\/ul>\n<p><strong>L\u016bdzu, \u0146emiet v\u0113r\u0101, ka katr\u0101 kast\u0113 ir iek\u013cauts instal\u0101cijas r\u012bks<\/strong><\/p>","protected":false},"featured_media":386,"comment_status":"open","ping_status":"closed","template":"","meta":[],"product_brand":[],"product_cat":[20],"product_tag":[],"class_list":{"0":"post-373","1":"product","2":"type-product","3":"status-publish","4":"has-post-thumbnail","6":"product_cat-recreational-vehicles","8":"first","9":"instock","10":"taxable","11":"shipping-taxable","12":"purchasable","13":"product-type-variable"},"yoast_head":"<!-- This site is optimized with the Yoast SEO plugin v27.4 - https:\/\/yoast.com\/product\/yoast-seo-wordpress\/ -->\n<title>ST-15R STANDARD IGRIP RACING STUDS - IGRIP SCREW STUD<\/title>\n<meta name=\"description\" content=\"Superior quality from Canada. Best in market racing iGrip screw in studs for motorcycles, ATVs, Motocross, Enduro. Easy to install and to remove.\" \/>\n<meta name=\"robots\" content=\"index, follow, max-snippet:-1, max-image-preview:large, max-video-preview:-1\" \/>\n<link rel=\"canonical\" href=\"https:\/\/igripstud.eu\/lv\/products\/st-15r-standard-igrip-racing-studs\/\" \/>\n<meta property=\"og:locale\" content=\"lv_LV\" \/>\n<meta property=\"og:type\" content=\"article\" \/>\n<meta property=\"og:title\" content=\"ST-15R STANDARD IGRIP RACING STUDS - IGRIP SCREW STUD\" \/>\n<meta property=\"og:description\" content=\"Superior quality from Canada. Best in market racing iGrip screw in studs for motorcycles, ATVs, Motocross, Enduro. Easy to install and to remove.\" \/>\n<meta property=\"og:url\" content=\"https:\/\/igripstud.eu\/lv\/products\/st-15r-standard-igrip-racing-studs\/\" \/>\n<meta property=\"og:site_name\" content=\"IGRIP SCREW STUD\" \/>\n<meta property=\"article:modified_time\" content=\"2025-11-23T10:36:22+00:00\" \/>\n<meta property=\"og:image\" content=\"https:\/\/igripstud.eu\/wp-content\/uploads\/2024\/11\/0-st-15r_2_751x626_1665138040.png\" \/>\n\t<meta property=\"og:image:width\" content=\"751\" \/>\n\t<meta property=\"og:image:height\" content=\"626\" \/>\n\t<meta property=\"og:image:type\" content=\"image\/png\" \/>\n<meta name=\"twitter:card\" content=\"summary_large_image\" \/>\n<meta name=\"twitter:label1\" content=\"Est. reading time\" \/>\n\t<meta name=\"twitter:data1\" content=\"1 min\u016bte\" \/>\n<script type=\"application\/ld+json\" class=\"yoast-schema-graph\">{\"@context\":\"https:\\\/\\\/schema.org\",\"@graph\":[{\"@type\":\"WebPage\",\"@id\":\"https:\\\/\\\/igripstud.eu\\\/product\\\/st-15r-standard-igrip-racing-studs\\\/\",\"url\":\"https:\\\/\\\/igripstud.eu\\\/product\\\/st-15r-standard-igrip-racing-studs\\\/\",\"name\":\"ST-15R STANDARD IGRIP RACING STUDS - IGRIP SCREW STUD\",\"isPartOf\":{\"@id\":\"https:\\\/\\\/igripstud.eu\\\/#website\"},\"primaryImageOfPage\":{\"@id\":\"https:\\\/\\\/igripstud.eu\\\/product\\\/st-15r-standard-igrip-racing-studs\\\/#primaryimage\"},\"image\":{\"@id\":\"https:\\\/\\\/igripstud.eu\\\/product\\\/st-15r-standard-igrip-racing-studs\\\/#primaryimage\"},\"thumbnailUrl\":\"https:\\\/\\\/igripstud.eu\\\/wp-content\\\/uploads\\\/2024\\\/11\\\/0-st-15r_2_751x626_1665138040.png\",\"datePublished\":\"2024-11-21T09:06:32+00:00\",\"dateModified\":\"2025-11-23T10:36:22+00:00\",\"description\":\"Superior quality from Canada. Best in market racing iGrip screw in studs for motorcycles, ATVs, Motocross, Enduro. Easy to install and to remove.\",\"breadcrumb\":{\"@id\":\"https:\\\/\\\/igripstud.eu\\\/product\\\/st-15r-standard-igrip-racing-studs\\\/#breadcrumb\"},\"inLanguage\":\"lv-LV\",\"potentialAction\":[{\"@type\":\"ReadAction\",\"target\":[\"https:\\\/\\\/igripstud.eu\\\/product\\\/st-15r-standard-igrip-racing-studs\\\/\"]}]},{\"@type\":\"ImageObject\",\"inLanguage\":\"lv-LV\",\"@id\":\"https:\\\/\\\/igripstud.eu\\\/product\\\/st-15r-standard-igrip-racing-studs\\\/#primaryimage\",\"url\":\"https:\\\/\\\/igripstud.eu\\\/wp-content\\\/uploads\\\/2024\\\/11\\\/0-st-15r_2_751x626_1665138040.png\",\"contentUrl\":\"https:\\\/\\\/igripstud.eu\\\/wp-content\\\/uploads\\\/2024\\\/11\\\/0-st-15r_2_751x626_1665138040.png\",\"width\":751,\"height\":626},{\"@type\":\"BreadcrumbList\",\"@id\":\"https:\\\/\\\/igripstud.eu\\\/product\\\/st-15r-standard-igrip-racing-studs\\\/#breadcrumb\",\"itemListElement\":[{\"@type\":\"ListItem\",\"position\":1,\"name\":\"Home\",\"item\":\"https:\\\/\\\/igripstud.eu\\\/\"},{\"@type\":\"ListItem\",\"position\":2,\"name\":\"Shop\",\"item\":\"https:\\\/\\\/igripstud.eu\\\/shop\\\/\"},{\"@type\":\"ListItem\",\"position\":3,\"name\":\"ST-15R STANDARD IGRIP RACING STUDS\"}]},{\"@type\":\"WebSite\",\"@id\":\"https:\\\/\\\/igripstud.eu\\\/#website\",\"url\":\"https:\\\/\\\/igripstud.eu\\\/\",\"name\":\"IGRIP SCREW STUD\",\"description\":\"iGripstud.shop\",\"publisher\":{\"@id\":\"https:\\\/\\\/igripstud.eu\\\/#organization\"},\"potentialAction\":[{\"@type\":\"SearchAction\",\"target\":{\"@type\":\"EntryPoint\",\"urlTemplate\":\"https:\\\/\\\/igripstud.eu\\\/?s={search_term_string}\"},\"query-input\":{\"@type\":\"PropertyValueSpecification\",\"valueRequired\":true,\"valueName\":\"search_term_string\"}}],\"inLanguage\":\"lv-LV\"},{\"@type\":\"Organization\",\"@id\":\"https:\\\/\\\/igripstud.eu\\\/#organization\",\"name\":\"IGRIP SCREW STUD\",\"url\":\"https:\\\/\\\/igripstud.eu\\\/\",\"logo\":{\"@type\":\"ImageObject\",\"inLanguage\":\"lv-LV\",\"@id\":\"https:\\\/\\\/igripstud.eu\\\/#\\\/schema\\\/logo\\\/image\\\/\",\"url\":\"https:\\\/\\\/igripstud.eu\\\/wp-content\\\/uploads\\\/2024\\\/11\\\/igriplogo.png\",\"contentUrl\":\"https:\\\/\\\/igripstud.eu\\\/wp-content\\\/uploads\\\/2024\\\/11\\\/igriplogo.png\",\"width\":298,\"height\":101,\"caption\":\"IGRIP SCREW STUD\"},\"image\":{\"@id\":\"https:\\\/\\\/igripstud.eu\\\/#\\\/schema\\\/logo\\\/image\\\/\"}}]}<\/script>\n<!-- \/ Yoast SEO plugin. -->","yoast_head_json":{"title":"ST-15R STANDARD IGRIP RACING STUDS - IGRIP SCREW STUD","description":"Superior quality from Canada. Best in market racing iGrip screw in studs for motorcycles, ATVs, Motocross, Enduro. Easy to install and to remove.","robots":{"index":"index","follow":"follow","max-snippet":"max-snippet:-1","max-image-preview":"max-image-preview:large","max-video-preview":"max-video-preview:-1"},"canonical":"https:\/\/igripstud.eu\/lv\/products\/st-15r-standard-igrip-racing-studs\/","og_locale":"lv_LV","og_type":"article","og_title":"ST-15R STANDARD IGRIP RACING STUDS - IGRIP SCREW STUD","og_description":"Superior quality from Canada. Best in market racing iGrip screw in studs for motorcycles, ATVs, Motocross, Enduro. Easy to install and to remove.","og_url":"https:\/\/igripstud.eu\/lv\/products\/st-15r-standard-igrip-racing-studs\/","og_site_name":"IGRIP SCREW STUD","article_modified_time":"2025-11-23T10:36:22+00:00","og_image":[{"width":751,"height":626,"url":"https:\/\/igripstud.eu\/wp-content\/uploads\/2024\/11\/0-st-15r_2_751x626_1665138040.png","type":"image\/png"}],"twitter_card":"summary_large_image","twitter_misc":{"Est. reading time":"1 min\u016bte"},"schema":{"@context":"https:\/\/schema.org","@graph":[{"@type":"WebPage","@id":"https:\/\/igripstud.eu\/product\/st-15r-standard-igrip-racing-studs\/","url":"https:\/\/igripstud.eu\/product\/st-15r-standard-igrip-racing-studs\/","name":"ST-15R STANDARD IGRIP RACING STUDS - IGRIP SCREW STUD","isPartOf":{"@id":"https:\/\/igripstud.eu\/#website"},"primaryImageOfPage":{"@id":"https:\/\/igripstud.eu\/product\/st-15r-standard-igrip-racing-studs\/#primaryimage"},"image":{"@id":"https:\/\/igripstud.eu\/product\/st-15r-standard-igrip-racing-studs\/#primaryimage"},"thumbnailUrl":"https:\/\/igripstud.eu\/wp-content\/uploads\/2024\/11\/0-st-15r_2_751x626_1665138040.png","datePublished":"2024-11-21T09:06:32+00:00","dateModified":"2025-11-23T10:36:22+00:00","description":"Superior quality from Canada. Best in market racing iGrip screw in studs for motorcycles, ATVs, Motocross, Enduro. Easy to install and to remove.","breadcrumb":{"@id":"https:\/\/igripstud.eu\/product\/st-15r-standard-igrip-racing-studs\/#breadcrumb"},"inLanguage":"lv-LV","potentialAction":[{"@type":"ReadAction","target":["https:\/\/igripstud.eu\/product\/st-15r-standard-igrip-racing-studs\/"]}]},{"@type":"ImageObject","inLanguage":"lv-LV","@id":"https:\/\/igripstud.eu\/product\/st-15r-standard-igrip-racing-studs\/#primaryimage","url":"https:\/\/igripstud.eu\/wp-content\/uploads\/2024\/11\/0-st-15r_2_751x626_1665138040.png","contentUrl":"https:\/\/igripstud.eu\/wp-content\/uploads\/2024\/11\/0-st-15r_2_751x626_1665138040.png","width":751,"height":626},{"@type":"BreadcrumbList","@id":"https:\/\/igripstud.eu\/product\/st-15r-standard-igrip-racing-studs\/#breadcrumb","itemListElement":[{"@type":"ListItem","position":1,"name":"Home","item":"https:\/\/igripstud.eu\/"},{"@type":"ListItem","position":2,"name":"Shop","item":"https:\/\/igripstud.eu\/shop\/"},{"@type":"ListItem","position":3,"name":"ST-15R STANDARD IGRIP RACING STUDS"}]},{"@type":"WebSite","@id":"https:\/\/igripstud.eu\/#website","url":"https:\/\/igripstud.eu\/","name":"IGRIP SCREW STUD","description":"iGripstud.shop","publisher":{"@id":"https:\/\/igripstud.eu\/#organization"},"potentialAction":[{"@type":"SearchAction","target":{"@type":"EntryPoint","urlTemplate":"https:\/\/igripstud.eu\/?s={search_term_string}"},"query-input":{"@type":"PropertyValueSpecification","valueRequired":true,"valueName":"search_term_string"}}],"inLanguage":"lv-LV"},{"@type":"Organization","@id":"https:\/\/igripstud.eu\/#organization","name":"IGRIP SCREW STUD","url":"https:\/\/igripstud.eu\/","logo":{"@type":"ImageObject","inLanguage":"lv-LV","@id":"https:\/\/igripstud.eu\/#\/schema\/logo\/image\/","url":"https:\/\/igripstud.eu\/wp-content\/uploads\/2024\/11\/igriplogo.png","contentUrl":"https:\/\/igripstud.eu\/wp-content\/uploads\/2024\/11\/igriplogo.png","width":298,"height":101,"caption":"IGRIP SCREW STUD"},"image":{"@id":"https:\/\/igripstud.eu\/#\/schema\/logo\/image\/"}}]}},"_links":{"self":[{"href":"https:\/\/igripstud.eu\/lv\/wp-json\/wp\/v2\/product\/373","targetHints":{"allow":["GET"]}}],"collection":[{"href":"https:\/\/igripstud.eu\/lv\/wp-json\/wp\/v2\/product"}],"about":[{"href":"https:\/\/igripstud.eu\/lv\/wp-json\/wp\/v2\/types\/product"}],"replies":[{"embeddable":true,"href":"https:\/\/igripstud.eu\/lv\/wp-json\/wp\/v2\/comments?post=373"}],"wp:featuredmedia":[{"embeddable":true,"href":"https:\/\/igripstud.eu\/lv\/wp-json\/wp\/v2\/media\/386"}],"wp:attachment":[{"href":"https:\/\/igripstud.eu\/lv\/wp-json\/wp\/v2\/media?parent=373"}],"wp:term":[{"taxonomy":"product_brand","embeddable":true,"href":"https:\/\/igripstud.eu\/lv\/wp-json\/wp\/v2\/product_brand?post=373"},{"taxonomy":"product_cat","embeddable":true,"href":"https:\/\/igripstud.eu\/lv\/wp-json\/wp\/v2\/product_cat?post=373"},{"taxonomy":"product_tag","embeddable":true,"href":"https:\/\/igripstud.eu\/lv\/wp-json\/wp\/v2\/product_tag?post=373"}],"curies":[{"name":"wp","href":"https:\/\/api.w.org\/{rel}","templated":true}]}}