{"id":177,"date":"2024-11-21T09:04:49","date_gmt":"2024-11-21T09:04:49","guid":{"rendered":"https:\/\/igripstud.eu\/?post_type=product&#038;p=177"},"modified":"2026-01-14T22:05:15","modified_gmt":"2026-01-14T20:05:15","slug":"ss-18-igrip-shouldered-tire-studs","status":"publish","type":"product","link":"https:\/\/igripstud.eu\/lv\/products\/ss-18-igrip-shouldered-tire-studs\/","title":{"rendered":"SS-18 IGRIP RIEPU RADZES AR PLECU"},"content":{"rendered":"<ul>\n<li>Rite\u0146u vai k\u0101pur\u0137\u0113\u017eu iekr\u0101v\u0113js<\/li>\n<li>Rite\u0146u vai k\u0101pur\u0137\u0113\u017eu traktors<\/li>\n<li>Ekskavators<\/li>\n<li>Iekr\u0101v\u0113js<\/li>\n<li>Greideris<\/li>\n<li>Pikaps<\/li>\n<li>Sniega izve\u0161anas ma\u0161\u012bna<\/li>\n<li>Motocross, Enduro, ATV<\/li>\n<\/ul>","protected":false},"excerpt":{"rendered":"<ul>\n<li>Volframa karb\u012bds<\/li>\n<li>Karsti iegremd\u0113ts t\u0113rauds un cinkota tapa<\/li>\n<li>Nov\u0113r\u0161 iegrim\u0161anu riep\u0101<\/li>\n<li>Liels protektors labam noenkurojumam<\/li>\n<li>Laba iztur\u012bba<\/li>\n<li>Gaisma<\/li>\n<li>Viegli uzst\u0101d\u012bt un demont\u0113t<\/li>\n<li>100, 150, 200 un 1000 vien\u012bbu iepakojumi<\/li>\n<\/ul>\n<p><strong>L\u016bdzu, \u0146emiet v\u0113r\u0101, ka katr\u0101 kast\u0113 ir iek\u013cauts instal\u0101cijas r\u012bks<\/strong><\/p>","protected":false},"featured_media":211,"comment_status":"open","ping_status":"closed","template":"","meta":[],"product_brand":[],"product_cat":[16,17,18,19,20],"product_tag":[],"class_list":{"0":"post-177","1":"product","2":"type-product","3":"status-publish","4":"has-post-thumbnail","6":"product_cat-farming","7":"product_cat-forestry-vehicles","8":"product_cat-heavy-machinery","9":"product_cat-light-machinery","10":"product_cat-recreational-vehicles","12":"first","13":"instock","14":"taxable","15":"shipping-taxable","16":"purchasable","17":"product-type-variable"},"yoast_head":"<!-- This site is optimized with the Yoast SEO plugin v27.4 - https:\/\/yoast.com\/product\/yoast-seo-wordpress\/ -->\n<title>SS-18 IGRIP SHOULDERED TIRE STUDS - IGRIP SCREW STUD<\/title>\n<meta name=\"description\" content=\"Buy SS-18 IGRIP SHOULDERED TIRE STUDS from iGrip. Premium Canadian screw studs designed for maximum traction, durability, and easy installation.\" \/>\n<meta name=\"robots\" content=\"index, follow, max-snippet:-1, max-image-preview:large, max-video-preview:-1\" \/>\n<link rel=\"canonical\" href=\"https:\/\/igripstud.eu\/lv\/products\/ss-18-igrip-shouldered-tire-studs\/\" \/>\n<meta property=\"og:locale\" content=\"lv_LV\" \/>\n<meta property=\"og:type\" content=\"article\" \/>\n<meta property=\"og:title\" content=\"SS-18 IGRIP SHOULDERED TIRE STUDS - IGRIP SCREW STUD\" \/>\n<meta property=\"og:description\" content=\"Buy SS-18 IGRIP SHOULDERED TIRE STUDS from iGrip. Premium Canadian screw studs designed for maximum traction, durability, and easy installation.\" \/>\n<meta property=\"og:url\" content=\"https:\/\/igripstud.eu\/lv\/products\/ss-18-igrip-shouldered-tire-studs\/\" \/>\n<meta property=\"og:site_name\" content=\"IGRIP SCREW STUD\" \/>\n<meta property=\"article:modified_time\" content=\"2026-01-14T20:05:15+00:00\" \/>\n<meta property=\"og:image\" content=\"https:\/\/igripstud.eu\/wp-content\/uploads\/2024\/11\/ss-18-2_762x636_1665124840.jpg\" \/>\n\t<meta property=\"og:image:width\" content=\"762\" \/>\n\t<meta property=\"og:image:height\" content=\"635\" \/>\n\t<meta property=\"og:image:type\" content=\"image\/jpeg\" \/>\n<meta name=\"twitter:card\" content=\"summary_large_image\" \/>\n<meta name=\"twitter:title\" content=\"SS-18 IGRIP SHOULDERED TIRE STUDS - IGRIP SCREW STUD\" \/>\n<meta name=\"twitter:description\" content=\"Buy SS-18 IGRIP SHOULDERED TIRE STUDS from iGrip. Premium Canadian screw studs designed for maximum traction, durability, and easy installation.\" \/>\n<meta name=\"twitter:label1\" content=\"Est. reading time\" \/>\n\t<meta name=\"twitter:data1\" content=\"1 min\u016bte\" \/>\n<script type=\"application\/ld+json\" class=\"yoast-schema-graph\">{\"@context\":\"https:\\\/\\\/schema.org\",\"@graph\":[{\"@type\":\"WebPage\",\"@id\":\"https:\\\/\\\/igripstud.eu\\\/product\\\/ss-18-igrip-shouldered-tire-studs\\\/\",\"url\":\"https:\\\/\\\/igripstud.eu\\\/product\\\/ss-18-igrip-shouldered-tire-studs\\\/\",\"name\":\"SS-18 IGRIP SHOULDERED TIRE STUDS - IGRIP SCREW STUD\",\"isPartOf\":{\"@id\":\"https:\\\/\\\/igripstud.eu\\\/#website\"},\"primaryImageOfPage\":{\"@id\":\"https:\\\/\\\/igripstud.eu\\\/product\\\/ss-18-igrip-shouldered-tire-studs\\\/#primaryimage\"},\"image\":{\"@id\":\"https:\\\/\\\/igripstud.eu\\\/product\\\/ss-18-igrip-shouldered-tire-studs\\\/#primaryimage\"},\"thumbnailUrl\":\"https:\\\/\\\/igripstud.eu\\\/wp-content\\\/uploads\\\/2024\\\/11\\\/ss-18-2_762x636_1665124840.jpg\",\"datePublished\":\"2024-11-21T09:04:49+00:00\",\"dateModified\":\"2026-01-14T20:05:15+00:00\",\"description\":\"Buy SS-18 IGRIP SHOULDERED TIRE STUDS from iGrip. Premium Canadian screw studs designed for maximum traction, durability, and easy installation.\",\"breadcrumb\":{\"@id\":\"https:\\\/\\\/igripstud.eu\\\/product\\\/ss-18-igrip-shouldered-tire-studs\\\/#breadcrumb\"},\"inLanguage\":\"lv-LV\",\"potentialAction\":[{\"@type\":\"ReadAction\",\"target\":[\"https:\\\/\\\/igripstud.eu\\\/product\\\/ss-18-igrip-shouldered-tire-studs\\\/\"]}]},{\"@type\":\"ImageObject\",\"inLanguage\":\"lv-LV\",\"@id\":\"https:\\\/\\\/igripstud.eu\\\/product\\\/ss-18-igrip-shouldered-tire-studs\\\/#primaryimage\",\"url\":\"https:\\\/\\\/igripstud.eu\\\/wp-content\\\/uploads\\\/2024\\\/11\\\/ss-18-2_762x636_1665124840.jpg\",\"contentUrl\":\"https:\\\/\\\/igripstud.eu\\\/wp-content\\\/uploads\\\/2024\\\/11\\\/ss-18-2_762x636_1665124840.jpg\",\"width\":762,\"height\":635},{\"@type\":\"BreadcrumbList\",\"@id\":\"https:\\\/\\\/igripstud.eu\\\/product\\\/ss-18-igrip-shouldered-tire-studs\\\/#breadcrumb\",\"itemListElement\":[{\"@type\":\"ListItem\",\"position\":1,\"name\":\"Home\",\"item\":\"https:\\\/\\\/igripstud.eu\\\/\"},{\"@type\":\"ListItem\",\"position\":2,\"name\":\"Shop\",\"item\":\"https:\\\/\\\/igripstud.eu\\\/shop\\\/\"},{\"@type\":\"ListItem\",\"position\":3,\"name\":\"SS-18 IGRIP SHOULDERED TIRE STUDS\"}]},{\"@type\":\"WebSite\",\"@id\":\"https:\\\/\\\/igripstud.eu\\\/#website\",\"url\":\"https:\\\/\\\/igripstud.eu\\\/\",\"name\":\"IGRIP SCREW STUD\",\"description\":\"iGripstud.shop\",\"publisher\":{\"@id\":\"https:\\\/\\\/igripstud.eu\\\/#organization\"},\"potentialAction\":[{\"@type\":\"SearchAction\",\"target\":{\"@type\":\"EntryPoint\",\"urlTemplate\":\"https:\\\/\\\/igripstud.eu\\\/?s={search_term_string}\"},\"query-input\":{\"@type\":\"PropertyValueSpecification\",\"valueRequired\":true,\"valueName\":\"search_term_string\"}}],\"inLanguage\":\"lv-LV\"},{\"@type\":\"Organization\",\"@id\":\"https:\\\/\\\/igripstud.eu\\\/#organization\",\"name\":\"IGRIP SCREW STUD\",\"url\":\"https:\\\/\\\/igripstud.eu\\\/\",\"logo\":{\"@type\":\"ImageObject\",\"inLanguage\":\"lv-LV\",\"@id\":\"https:\\\/\\\/igripstud.eu\\\/#\\\/schema\\\/logo\\\/image\\\/\",\"url\":\"https:\\\/\\\/igripstud.eu\\\/wp-content\\\/uploads\\\/2024\\\/11\\\/igriplogo.png\",\"contentUrl\":\"https:\\\/\\\/igripstud.eu\\\/wp-content\\\/uploads\\\/2024\\\/11\\\/igriplogo.png\",\"width\":298,\"height\":101,\"caption\":\"IGRIP SCREW STUD\"},\"image\":{\"@id\":\"https:\\\/\\\/igripstud.eu\\\/#\\\/schema\\\/logo\\\/image\\\/\"}}]}<\/script>\n<!-- \/ Yoast SEO plugin. -->","yoast_head_json":{"title":"SS-18 IGRIP SHOULDERED TIRE STUDS - IGRIP SCREW STUD","description":"Buy SS-18 IGRIP SHOULDERED TIRE STUDS from iGrip. Premium Canadian screw studs designed for maximum traction, durability, and easy installation.","robots":{"index":"index","follow":"follow","max-snippet":"max-snippet:-1","max-image-preview":"max-image-preview:large","max-video-preview":"max-video-preview:-1"},"canonical":"https:\/\/igripstud.eu\/lv\/products\/ss-18-igrip-shouldered-tire-studs\/","og_locale":"lv_LV","og_type":"article","og_title":"SS-18 IGRIP SHOULDERED TIRE STUDS - IGRIP SCREW STUD","og_description":"Buy SS-18 IGRIP SHOULDERED TIRE STUDS from iGrip. Premium Canadian screw studs designed for maximum traction, durability, and easy installation.","og_url":"https:\/\/igripstud.eu\/lv\/products\/ss-18-igrip-shouldered-tire-studs\/","og_site_name":"IGRIP SCREW STUD","article_modified_time":"2026-01-14T20:05:15+00:00","og_image":[{"width":762,"height":635,"url":"https:\/\/igripstud.eu\/wp-content\/uploads\/2024\/11\/ss-18-2_762x636_1665124840.jpg","type":"image\/jpeg"}],"twitter_card":"summary_large_image","twitter_title":"SS-18 IGRIP SHOULDERED TIRE STUDS - IGRIP SCREW STUD","twitter_description":"Buy SS-18 IGRIP SHOULDERED TIRE STUDS from iGrip. Premium Canadian screw studs designed for maximum traction, durability, and easy installation.","twitter_misc":{"Est. reading time":"1 min\u016bte"},"schema":{"@context":"https:\/\/schema.org","@graph":[{"@type":"WebPage","@id":"https:\/\/igripstud.eu\/product\/ss-18-igrip-shouldered-tire-studs\/","url":"https:\/\/igripstud.eu\/product\/ss-18-igrip-shouldered-tire-studs\/","name":"SS-18 IGRIP SHOULDERED TIRE STUDS - IGRIP SCREW STUD","isPartOf":{"@id":"https:\/\/igripstud.eu\/#website"},"primaryImageOfPage":{"@id":"https:\/\/igripstud.eu\/product\/ss-18-igrip-shouldered-tire-studs\/#primaryimage"},"image":{"@id":"https:\/\/igripstud.eu\/product\/ss-18-igrip-shouldered-tire-studs\/#primaryimage"},"thumbnailUrl":"https:\/\/igripstud.eu\/wp-content\/uploads\/2024\/11\/ss-18-2_762x636_1665124840.jpg","datePublished":"2024-11-21T09:04:49+00:00","dateModified":"2026-01-14T20:05:15+00:00","description":"Buy SS-18 IGRIP SHOULDERED TIRE STUDS from iGrip. Premium Canadian screw studs designed for maximum traction, durability, and easy installation.","breadcrumb":{"@id":"https:\/\/igripstud.eu\/product\/ss-18-igrip-shouldered-tire-studs\/#breadcrumb"},"inLanguage":"lv-LV","potentialAction":[{"@type":"ReadAction","target":["https:\/\/igripstud.eu\/product\/ss-18-igrip-shouldered-tire-studs\/"]}]},{"@type":"ImageObject","inLanguage":"lv-LV","@id":"https:\/\/igripstud.eu\/product\/ss-18-igrip-shouldered-tire-studs\/#primaryimage","url":"https:\/\/igripstud.eu\/wp-content\/uploads\/2024\/11\/ss-18-2_762x636_1665124840.jpg","contentUrl":"https:\/\/igripstud.eu\/wp-content\/uploads\/2024\/11\/ss-18-2_762x636_1665124840.jpg","width":762,"height":635},{"@type":"BreadcrumbList","@id":"https:\/\/igripstud.eu\/product\/ss-18-igrip-shouldered-tire-studs\/#breadcrumb","itemListElement":[{"@type":"ListItem","position":1,"name":"Home","item":"https:\/\/igripstud.eu\/"},{"@type":"ListItem","position":2,"name":"Shop","item":"https:\/\/igripstud.eu\/shop\/"},{"@type":"ListItem","position":3,"name":"SS-18 IGRIP SHOULDERED TIRE STUDS"}]},{"@type":"WebSite","@id":"https:\/\/igripstud.eu\/#website","url":"https:\/\/igripstud.eu\/","name":"IGRIP SCREW STUD","description":"iGripstud.shop","publisher":{"@id":"https:\/\/igripstud.eu\/#organization"},"potentialAction":[{"@type":"SearchAction","target":{"@type":"EntryPoint","urlTemplate":"https:\/\/igripstud.eu\/?s={search_term_string}"},"query-input":{"@type":"PropertyValueSpecification","valueRequired":true,"valueName":"search_term_string"}}],"inLanguage":"lv-LV"},{"@type":"Organization","@id":"https:\/\/igripstud.eu\/#organization","name":"IGRIP SCREW STUD","url":"https:\/\/igripstud.eu\/","logo":{"@type":"ImageObject","inLanguage":"lv-LV","@id":"https:\/\/igripstud.eu\/#\/schema\/logo\/image\/","url":"https:\/\/igripstud.eu\/wp-content\/uploads\/2024\/11\/igriplogo.png","contentUrl":"https:\/\/igripstud.eu\/wp-content\/uploads\/2024\/11\/igriplogo.png","width":298,"height":101,"caption":"IGRIP SCREW STUD"},"image":{"@id":"https:\/\/igripstud.eu\/#\/schema\/logo\/image\/"}}]}},"_links":{"self":[{"href":"https:\/\/igripstud.eu\/lv\/wp-json\/wp\/v2\/product\/177","targetHints":{"allow":["GET"]}}],"collection":[{"href":"https:\/\/igripstud.eu\/lv\/wp-json\/wp\/v2\/product"}],"about":[{"href":"https:\/\/igripstud.eu\/lv\/wp-json\/wp\/v2\/types\/product"}],"replies":[{"embeddable":true,"href":"https:\/\/igripstud.eu\/lv\/wp-json\/wp\/v2\/comments?post=177"}],"wp:featuredmedia":[{"embeddable":true,"href":"https:\/\/igripstud.eu\/lv\/wp-json\/wp\/v2\/media\/211"}],"wp:attachment":[{"href":"https:\/\/igripstud.eu\/lv\/wp-json\/wp\/v2\/media?parent=177"}],"wp:term":[{"taxonomy":"product_brand","embeddable":true,"href":"https:\/\/igripstud.eu\/lv\/wp-json\/wp\/v2\/product_brand?post=177"},{"taxonomy":"product_cat","embeddable":true,"href":"https:\/\/igripstud.eu\/lv\/wp-json\/wp\/v2\/product_cat?post=177"},{"taxonomy":"product_tag","embeddable":true,"href":"https:\/\/igripstud.eu\/lv\/wp-json\/wp\/v2\/product_tag?post=177"}],"curies":[{"name":"wp","href":"https:\/\/api.w.org\/{rel}","templated":true}]}}