{"id":3,"date":"2024-11-20T10:32:25","date_gmt":"2024-11-20T10:32:25","guid":{"rendered":"https:\/\/igripstud.eu\/?page_id=3"},"modified":"2025-11-23T11:55:52","modified_gmt":"2025-11-23T09:55:52","slug":"privacy-policy","status":"publish","type":"page","link":"https:\/\/igripstud.eu\/lv\/privacy-policy\/","title":{"rendered":"Priv\u0101tuma politika"},"content":{"rendered":"<div class=\"elementor-element elementor-element-5276ec1 color-scheme-inherit text-left elementor-widget elementor-widget-text-editor\" data-id=\"5276ec1\" data-element_type=\"widget\" data-widget_type=\"text-editor.default\">\n<div class=\"elementor-widget-container\">\n<h2><strong>Priv\u0101tuma politika un inform\u0101cija par datu apstr\u0101di<\/strong><\/h2>\n<p class=\"translation-block\">Paldies, ka apmekl\u0113jat IgripStud.eu. M\u0113s esam ap\u0146\u0113mu\u0161ies aizsarg\u0101t j\u016bsu personas datus un nodro\u0161in\u0101t caursp\u012bd\u012bgumu attiec\u012bb\u0101 uz to v\u0101k\u0161anu un izmanto\u0161anu. \u0160aj\u0101 pazi\u0146ojum\u0101 ir aprakst\u012bts, k\u0101 tiek apstr\u0101d\u0101ta j\u016bsu inform\u0101cija un k\u0101das ir j\u016bsu ties\u012bbas k\u0101 m\u016bsu pakalpojumu lietot\u0101jam.<\/p>\n<h2><strong>K\u0101 m\u0113s apstr\u0101d\u0101jam j\u016bsu datus<\/strong><\/h2>\n<p>M\u0113s v\u0101cam un apstr\u0101d\u0101jam personas datus saska\u0146\u0101 ar piem\u0113rojamiem datu aizsardz\u012bbas likumiem, tostarp Visp\u0101r\u012bgo datu aizsardz\u012bbas regulu (GDPR). Sav\u0101ktie dati var ietvert:<\/p>\n<ul>\n<li>Kontaktinform\u0101ciju, ko j\u016bs sniedzat, sazinoties ar mums (piem\u0113ram, v\u0101rds, e-pasta adrese).<\/li>\n<li>Lieto\u0161anas datus no j\u016bsu mijiedarb\u012bbas ar m\u016bsu t\u012bmek\u013ca vietni, lai uzlabotu p\u0101rl\u016bko\u0161anas pieredzi.<\/li>\n<\/ul>\n<p>M\u0113s apstr\u0101d\u0101jam j\u016bsu datus dro\u0161i un tikai t\u0101diem m\u0113r\u0137iem k\u0101 piepras\u012bjumu izskat\u012b\u0161ana, piepras\u012bto pakalpojumu snieg\u0161ana un platformas uzlabo\u0161ana. J\u016bsu dati netiks nodoti tre\u0161aj\u0101m person\u0101m, ja vien to nepilnvaros likums vai j\u016bs neb\u016bsiet devis savu piekri\u0161anu.<\/p>\n<h2><strong>J\u016bsu ties\u012bbas<\/strong><\/h2>\n<p>Jums ir ties\u012bbas:<\/p>\n<ul>\n<li>Ieg\u016bt piek\u013cuvi saviem personas datiem, kurus m\u0113s glab\u0101jam.<\/li>\n<li>Piepras\u012bt neprec\u012bzas vai nepiln\u012bgas inform\u0101cijas labo\u0161anu.<\/li>\n<li>Piepras\u012bt savu personas datu dz\u0113\u0161anu, ja tas ir piem\u0113rojams.<\/li>\n<li>Iebilst vai ierobe\u017eot datu apstr\u0101di noteiktos apst\u0101k\u013cos.<\/li>\n<\/ul>\n<p>Lai ieg\u016btu detaliz\u0113t\u0101ku inform\u0101ciju vai izmantotu savas ties\u012bbas, l\u016bdzu, sazinieties ar mums, izmantojot zem\u0101k nor\u0101d\u012bto e-pasta adresi.<\/p>\n<h2><strong>Sazinieties ar mums<\/strong><\/h2>\n<p class=\"translation-block\">Ja jums ir jaut\u0101jumi vai ba\u017eas par to, k\u0101 tiek apstr\u0101d\u0101ti j\u016bsu personas dati, l\u016bdzu, sazinieties ar mums:<br>\nE-pasts: info@igripstud.eu<\/p>\n<p>M\u0113s esam ap\u0146\u0113mu\u0161ies aizsarg\u0101t j\u016bsu priv\u0101tumu un nodro\u0161in\u0101t, ka j\u016bsu dati tiek apstr\u0101d\u0101ti atbild\u012bgi un caursp\u012bd\u012bgi.<\/p>\n<\/div>\n<\/div>","protected":false},"excerpt":{"rendered":"","protected":false},"author":1,"featured_media":0,"parent":0,"menu_order":0,"comment_status":"closed","ping_status":"closed","template":"","meta":{"footnotes":""},"class_list":["post-3","page","type-page","status-publish","hentry"],"yoast_head":"<!-- This site is optimized with the Yoast SEO plugin v27.4 - https:\/\/yoast.com\/product\/yoast-seo-wordpress\/ -->\n<title>Privacy Policy \u2013 iGrip Online Store<\/title>\n<meta name=\"description\" content=\"Read how iGrip protects your personal data and ensures secure handling of all customer information.\" \/>\n<meta name=\"robots\" content=\"index, follow, max-snippet:-1, max-image-preview:large, max-video-preview:-1\" \/>\n<link rel=\"canonical\" href=\"https:\/\/igripstud.eu\/lv\/privacy-policy\/\" \/>\n<meta property=\"og:locale\" content=\"lv_LV\" \/>\n<meta property=\"og:type\" content=\"article\" \/>\n<meta property=\"og:title\" content=\"Privacy Policy \u2013 iGrip Online Store\" \/>\n<meta property=\"og:description\" content=\"Read how iGrip protects your personal data and ensures secure handling of all customer information.\" \/>\n<meta property=\"og:url\" content=\"https:\/\/igripstud.eu\/lv\/privacy-policy\/\" \/>\n<meta property=\"og:site_name\" content=\"IGRIP SCREW STUD\" \/>\n<meta property=\"article:modified_time\" content=\"2025-11-23T09:55:52+00:00\" \/>\n<meta name=\"twitter:card\" content=\"summary_large_image\" \/>\n<meta name=\"twitter:title\" content=\"Privacy Policy \u2013 iGrip Online Store\" \/>\n<meta name=\"twitter:description\" content=\"Read how iGrip protects your personal data and ensures secure handling of all customer information.\" \/>\n<meta name=\"twitter:label1\" content=\"Est. reading time\" \/>\n\t<meta name=\"twitter:data1\" content=\"2 min\u016btes\" \/>\n<script type=\"application\/ld+json\" class=\"yoast-schema-graph\">{\"@context\":\"https:\\\/\\\/schema.org\",\"@graph\":[{\"@type\":\"WebPage\",\"@id\":\"https:\\\/\\\/igripstud.eu\\\/privacy-policy\\\/\",\"url\":\"https:\\\/\\\/igripstud.eu\\\/privacy-policy\\\/\",\"name\":\"Privacy Policy \u2013 iGrip Online Store\",\"isPartOf\":{\"@id\":\"https:\\\/\\\/igripstud.eu\\\/#website\"},\"datePublished\":\"2024-11-20T10:32:25+00:00\",\"dateModified\":\"2025-11-23T09:55:52+00:00\",\"description\":\"Read how iGrip protects your personal data and ensures secure handling of all customer information.\",\"breadcrumb\":{\"@id\":\"https:\\\/\\\/igripstud.eu\\\/privacy-policy\\\/#breadcrumb\"},\"inLanguage\":\"lv-LV\",\"potentialAction\":[{\"@type\":\"ReadAction\",\"target\":[\"https:\\\/\\\/igripstud.eu\\\/privacy-policy\\\/\"]}]},{\"@type\":\"BreadcrumbList\",\"@id\":\"https:\\\/\\\/igripstud.eu\\\/privacy-policy\\\/#breadcrumb\",\"itemListElement\":[{\"@type\":\"ListItem\",\"position\":1,\"name\":\"Home\",\"item\":\"https:\\\/\\\/igripstud.eu\\\/\"},{\"@type\":\"ListItem\",\"position\":2,\"name\":\"Privacy Policy\"}]},{\"@type\":\"WebSite\",\"@id\":\"https:\\\/\\\/igripstud.eu\\\/#website\",\"url\":\"https:\\\/\\\/igripstud.eu\\\/\",\"name\":\"IGRIP SCREW STUD\",\"description\":\"iGripstud.shop\",\"publisher\":{\"@id\":\"https:\\\/\\\/igripstud.eu\\\/#organization\"},\"potentialAction\":[{\"@type\":\"SearchAction\",\"target\":{\"@type\":\"EntryPoint\",\"urlTemplate\":\"https:\\\/\\\/igripstud.eu\\\/?s={search_term_string}\"},\"query-input\":{\"@type\":\"PropertyValueSpecification\",\"valueRequired\":true,\"valueName\":\"search_term_string\"}}],\"inLanguage\":\"lv-LV\"},{\"@type\":\"Organization\",\"@id\":\"https:\\\/\\\/igripstud.eu\\\/#organization\",\"name\":\"IGRIP SCREW STUD\",\"url\":\"https:\\\/\\\/igripstud.eu\\\/\",\"logo\":{\"@type\":\"ImageObject\",\"inLanguage\":\"lv-LV\",\"@id\":\"https:\\\/\\\/igripstud.eu\\\/#\\\/schema\\\/logo\\\/image\\\/\",\"url\":\"https:\\\/\\\/igripstud.eu\\\/wp-content\\\/uploads\\\/2024\\\/11\\\/igriplogo.png\",\"contentUrl\":\"https:\\\/\\\/igripstud.eu\\\/wp-content\\\/uploads\\\/2024\\\/11\\\/igriplogo.png\",\"width\":298,\"height\":101,\"caption\":\"IGRIP SCREW STUD\"},\"image\":{\"@id\":\"https:\\\/\\\/igripstud.eu\\\/#\\\/schema\\\/logo\\\/image\\\/\"}}]}<\/script>\n<!-- \/ Yoast SEO plugin. -->","yoast_head_json":{"title":"Privacy Policy \u2013 iGrip Online Store","description":"Read how iGrip protects your personal data and ensures secure handling of all customer information.","robots":{"index":"index","follow":"follow","max-snippet":"max-snippet:-1","max-image-preview":"max-image-preview:large","max-video-preview":"max-video-preview:-1"},"canonical":"https:\/\/igripstud.eu\/lv\/privacy-policy\/","og_locale":"lv_LV","og_type":"article","og_title":"Privacy Policy \u2013 iGrip Online Store","og_description":"Read how iGrip protects your personal data and ensures secure handling of all customer information.","og_url":"https:\/\/igripstud.eu\/lv\/privacy-policy\/","og_site_name":"IGRIP SCREW STUD","article_modified_time":"2025-11-23T09:55:52+00:00","twitter_card":"summary_large_image","twitter_title":"Privacy Policy \u2013 iGrip Online Store","twitter_description":"Read how iGrip protects your personal data and ensures secure handling of all customer information.","twitter_misc":{"Est. reading time":"2 min\u016btes"},"schema":{"@context":"https:\/\/schema.org","@graph":[{"@type":"WebPage","@id":"https:\/\/igripstud.eu\/privacy-policy\/","url":"https:\/\/igripstud.eu\/privacy-policy\/","name":"Privacy Policy \u2013 iGrip Online Store","isPartOf":{"@id":"https:\/\/igripstud.eu\/#website"},"datePublished":"2024-11-20T10:32:25+00:00","dateModified":"2025-11-23T09:55:52+00:00","description":"Read how iGrip protects your personal data and ensures secure handling of all customer information.","breadcrumb":{"@id":"https:\/\/igripstud.eu\/privacy-policy\/#breadcrumb"},"inLanguage":"lv-LV","potentialAction":[{"@type":"ReadAction","target":["https:\/\/igripstud.eu\/privacy-policy\/"]}]},{"@type":"BreadcrumbList","@id":"https:\/\/igripstud.eu\/privacy-policy\/#breadcrumb","itemListElement":[{"@type":"ListItem","position":1,"name":"Home","item":"https:\/\/igripstud.eu\/"},{"@type":"ListItem","position":2,"name":"Privacy Policy"}]},{"@type":"WebSite","@id":"https:\/\/igripstud.eu\/#website","url":"https:\/\/igripstud.eu\/","name":"IGRIP SCREW STUD","description":"iGripstud.shop","publisher":{"@id":"https:\/\/igripstud.eu\/#organization"},"potentialAction":[{"@type":"SearchAction","target":{"@type":"EntryPoint","urlTemplate":"https:\/\/igripstud.eu\/?s={search_term_string}"},"query-input":{"@type":"PropertyValueSpecification","valueRequired":true,"valueName":"search_term_string"}}],"inLanguage":"lv-LV"},{"@type":"Organization","@id":"https:\/\/igripstud.eu\/#organization","name":"IGRIP SCREW STUD","url":"https:\/\/igripstud.eu\/","logo":{"@type":"ImageObject","inLanguage":"lv-LV","@id":"https:\/\/igripstud.eu\/#\/schema\/logo\/image\/","url":"https:\/\/igripstud.eu\/wp-content\/uploads\/2024\/11\/igriplogo.png","contentUrl":"https:\/\/igripstud.eu\/wp-content\/uploads\/2024\/11\/igriplogo.png","width":298,"height":101,"caption":"IGRIP SCREW STUD"},"image":{"@id":"https:\/\/igripstud.eu\/#\/schema\/logo\/image\/"}}]}},"_hostinger_reach_plugin_has_subscription_block":false,"_hostinger_reach_plugin_is_elementor":false,"_links":{"self":[{"href":"https:\/\/igripstud.eu\/lv\/wp-json\/wp\/v2\/pages\/3","targetHints":{"allow":["GET"]}}],"collection":[{"href":"https:\/\/igripstud.eu\/lv\/wp-json\/wp\/v2\/pages"}],"about":[{"href":"https:\/\/igripstud.eu\/lv\/wp-json\/wp\/v2\/types\/page"}],"author":[{"embeddable":true,"href":"https:\/\/igripstud.eu\/lv\/wp-json\/wp\/v2\/users\/1"}],"replies":[{"embeddable":true,"href":"https:\/\/igripstud.eu\/lv\/wp-json\/wp\/v2\/comments?post=3"}],"version-history":[{"count":2,"href":"https:\/\/igripstud.eu\/lv\/wp-json\/wp\/v2\/pages\/3\/revisions"}],"predecessor-version":[{"id":729,"href":"https:\/\/igripstud.eu\/lv\/wp-json\/wp\/v2\/pages\/3\/revisions\/729"}],"wp:attachment":[{"href":"https:\/\/igripstud.eu\/lv\/wp-json\/wp\/v2\/media?parent=3"}],"curies":[{"name":"wp","href":"https:\/\/api.w.org\/{rel}","templated":true}]}}