{"id":230,"date":"2024-11-21T09:05:55","date_gmt":"2024-11-21T09:05:55","guid":{"rendered":"https:\/\/igripstud.eu\/?post_type=product&#038;p=230"},"modified":"2025-11-23T12:28:30","modified_gmt":"2025-11-23T10:28:30","slug":"sf-11-igrip-shouldered-ceramic-tire-studs","status":"publish","type":"product","link":"https:\/\/igripstud.eu\/lt\/produktas\/sf-11-igrip-shouldered-ceramic-tire-studs\/","title":{"rendered":"SF-11 IGRIP KERAMINIAI DYGLIAI ELEKTRIKAMS"},"content":{"rendered":"<ul>\n<li>Apsauginiai batai<\/li>\n<\/ul>","protected":false},"excerpt":{"rendered":"<ul>\n<li>100% keraminis dyglys<\/li>\n<li>Nesukelia joki\u0173 kibirk\u0161\u010di\u0173<\/li>\n<li>Nesk\u0119sta<\/li>\n<li>Platus sriegis  geram tvirtinimui<\/li>\n<li>Galimyb\u0117 montuoti ant plono pagrindo<\/li>\n<li>Geras patvarumas<\/li>\n<li>Lengvas<\/li>\n<li>Lengva sumontuoti ir i\u0161montuoti<\/li>\n<li>24, 100, 150, 200 ir 1000 vienet\u0173 pakuot\u0117s<\/li>\n<\/ul>\n<p><strong>Atkreipiame d\u0117mes\u012f, kad kiekvienoje d\u0117\u017eut\u0117je yra montavimo \u012frankis!<\/strong><\/p>","protected":false},"featured_media":255,"comment_status":"open","ping_status":"closed","template":"","meta":[],"product_brand":[],"product_cat":[22],"product_tag":[],"class_list":{"0":"post-230","1":"product","2":"type-product","3":"status-publish","4":"has-post-thumbnail","6":"product_cat-footwear","8":"first","9":"instock","10":"taxable","11":"shipping-taxable","12":"purchasable","13":"product-type-variable"},"yoast_head":"<!-- This site is optimized with the Yoast SEO plugin v27.4 - https:\/\/yoast.com\/product\/yoast-seo-wordpress\/ -->\n<title>SF-11 IGRIP SHOULDERED CERAMIC SHOE STUDS - IGRIP SCREW STUD<\/title>\n<meta name=\"description\" content=\"Buy SF-11 IGRIP SHOULDERED CERAMIC SHOE STUDS from iGrip. Premium Canadian screw studs designed for maximum traction, durability, and easy installation.\" \/>\n<meta name=\"robots\" content=\"index, follow, max-snippet:-1, max-image-preview:large, max-video-preview:-1\" \/>\n<link rel=\"canonical\" href=\"https:\/\/igripstud.eu\/lt\/produktas\/sf-11-igrip-shouldered-ceramic-tire-studs\/\" \/>\n<meta property=\"og:locale\" content=\"lt_LT\" \/>\n<meta property=\"og:type\" content=\"article\" \/>\n<meta property=\"og:title\" content=\"SF-11 IGRIP SHOULDERED CERAMIC SHOE STUDS - IGRIP SCREW STUD\" \/>\n<meta property=\"og:description\" content=\"Buy SF-11 IGRIP SHOULDERED CERAMIC SHOE STUDS from iGrip. Premium Canadian screw studs designed for maximum traction, durability, and easy installation.\" \/>\n<meta property=\"og:url\" content=\"https:\/\/igripstud.eu\/lt\/produktas\/sf-11-igrip-shouldered-ceramic-tire-studs\/\" \/>\n<meta property=\"og:site_name\" content=\"IGRIP SCREW STUD\" \/>\n<meta property=\"article:modified_time\" content=\"2025-11-23T10:28:30+00:00\" \/>\n<meta property=\"og:image\" content=\"https:\/\/igripstud.eu\/wp-content\/uploads\/2024\/11\/sf-11-2_751x626_1665130576.png\" \/>\n\t<meta property=\"og:image:width\" content=\"751\" \/>\n\t<meta property=\"og:image:height\" content=\"626\" \/>\n\t<meta property=\"og:image:type\" content=\"image\/png\" \/>\n<meta name=\"twitter:card\" content=\"summary_large_image\" \/>\n<meta name=\"twitter:description\" content=\"Buy SF-11 IGRIP SHOULDERED CERAMIC SHOE STUDS from iGrip. Premium Canadian screw studs designed for maximum traction, durability, and easy installation.\" \/>\n<meta name=\"twitter:label1\" content=\"Est. reading time\" \/>\n\t<meta name=\"twitter:data1\" content=\"1 minut\u0117\" \/>\n<script type=\"application\/ld+json\" class=\"yoast-schema-graph\">{\"@context\":\"https:\\\/\\\/schema.org\",\"@graph\":[{\"@type\":\"WebPage\",\"@id\":\"https:\\\/\\\/igripstud.eu\\\/product\\\/sf-11-igrip-shouldered-ceramic-tire-studs\\\/\",\"url\":\"https:\\\/\\\/igripstud.eu\\\/product\\\/sf-11-igrip-shouldered-ceramic-tire-studs\\\/\",\"name\":\"SF-11 IGRIP SHOULDERED CERAMIC SHOE STUDS - IGRIP SCREW STUD\",\"isPartOf\":{\"@id\":\"https:\\\/\\\/igripstud.eu\\\/#website\"},\"primaryImageOfPage\":{\"@id\":\"https:\\\/\\\/igripstud.eu\\\/product\\\/sf-11-igrip-shouldered-ceramic-tire-studs\\\/#primaryimage\"},\"image\":{\"@id\":\"https:\\\/\\\/igripstud.eu\\\/product\\\/sf-11-igrip-shouldered-ceramic-tire-studs\\\/#primaryimage\"},\"thumbnailUrl\":\"https:\\\/\\\/igripstud.eu\\\/wp-content\\\/uploads\\\/2024\\\/11\\\/sf-11-2_751x626_1665130576.png\",\"datePublished\":\"2024-11-21T09:05:55+00:00\",\"dateModified\":\"2025-11-23T10:28:30+00:00\",\"description\":\"Buy SF-11 IGRIP SHOULDERED CERAMIC SHOE STUDS from iGrip. Premium Canadian screw studs designed for maximum traction, durability, and easy installation.\",\"breadcrumb\":{\"@id\":\"https:\\\/\\\/igripstud.eu\\\/product\\\/sf-11-igrip-shouldered-ceramic-tire-studs\\\/#breadcrumb\"},\"inLanguage\":\"lt-LT\",\"potentialAction\":[{\"@type\":\"ReadAction\",\"target\":[\"https:\\\/\\\/igripstud.eu\\\/product\\\/sf-11-igrip-shouldered-ceramic-tire-studs\\\/\"]}]},{\"@type\":\"ImageObject\",\"inLanguage\":\"lt-LT\",\"@id\":\"https:\\\/\\\/igripstud.eu\\\/product\\\/sf-11-igrip-shouldered-ceramic-tire-studs\\\/#primaryimage\",\"url\":\"https:\\\/\\\/igripstud.eu\\\/wp-content\\\/uploads\\\/2024\\\/11\\\/sf-11-2_751x626_1665130576.png\",\"contentUrl\":\"https:\\\/\\\/igripstud.eu\\\/wp-content\\\/uploads\\\/2024\\\/11\\\/sf-11-2_751x626_1665130576.png\",\"width\":751,\"height\":626},{\"@type\":\"BreadcrumbList\",\"@id\":\"https:\\\/\\\/igripstud.eu\\\/product\\\/sf-11-igrip-shouldered-ceramic-tire-studs\\\/#breadcrumb\",\"itemListElement\":[{\"@type\":\"ListItem\",\"position\":1,\"name\":\"Home\",\"item\":\"https:\\\/\\\/igripstud.eu\\\/\"},{\"@type\":\"ListItem\",\"position\":2,\"name\":\"Shop\",\"item\":\"https:\\\/\\\/igripstud.eu\\\/shop\\\/\"},{\"@type\":\"ListItem\",\"position\":3,\"name\":\"SF-11 IGRIP SHOULDERED CERAMIC SHOE STUDS\"}]},{\"@type\":\"WebSite\",\"@id\":\"https:\\\/\\\/igripstud.eu\\\/#website\",\"url\":\"https:\\\/\\\/igripstud.eu\\\/\",\"name\":\"IGRIP SCREW STUD\",\"description\":\"iGripstud.shop\",\"publisher\":{\"@id\":\"https:\\\/\\\/igripstud.eu\\\/#organization\"},\"potentialAction\":[{\"@type\":\"SearchAction\",\"target\":{\"@type\":\"EntryPoint\",\"urlTemplate\":\"https:\\\/\\\/igripstud.eu\\\/?s={search_term_string}\"},\"query-input\":{\"@type\":\"PropertyValueSpecification\",\"valueRequired\":true,\"valueName\":\"search_term_string\"}}],\"inLanguage\":\"lt-LT\"},{\"@type\":\"Organization\",\"@id\":\"https:\\\/\\\/igripstud.eu\\\/#organization\",\"name\":\"IGRIP SCREW STUD\",\"url\":\"https:\\\/\\\/igripstud.eu\\\/\",\"logo\":{\"@type\":\"ImageObject\",\"inLanguage\":\"lt-LT\",\"@id\":\"https:\\\/\\\/igripstud.eu\\\/#\\\/schema\\\/logo\\\/image\\\/\",\"url\":\"https:\\\/\\\/igripstud.eu\\\/wp-content\\\/uploads\\\/2024\\\/11\\\/igriplogo.png\",\"contentUrl\":\"https:\\\/\\\/igripstud.eu\\\/wp-content\\\/uploads\\\/2024\\\/11\\\/igriplogo.png\",\"width\":298,\"height\":101,\"caption\":\"IGRIP SCREW STUD\"},\"image\":{\"@id\":\"https:\\\/\\\/igripstud.eu\\\/#\\\/schema\\\/logo\\\/image\\\/\"}}]}<\/script>\n<!-- \/ Yoast SEO plugin. -->","yoast_head_json":{"title":"SF-11 IGRIP SHOULDERED CERAMIC SHOE STUDS - IGRIP SCREW STUD","description":"Buy SF-11 IGRIP SHOULDERED CERAMIC SHOE STUDS from iGrip. Premium Canadian screw studs designed for maximum traction, durability, and easy installation.","robots":{"index":"index","follow":"follow","max-snippet":"max-snippet:-1","max-image-preview":"max-image-preview:large","max-video-preview":"max-video-preview:-1"},"canonical":"https:\/\/igripstud.eu\/lt\/produktas\/sf-11-igrip-shouldered-ceramic-tire-studs\/","og_locale":"lt_LT","og_type":"article","og_title":"SF-11 IGRIP SHOULDERED CERAMIC SHOE STUDS - IGRIP SCREW STUD","og_description":"Buy SF-11 IGRIP SHOULDERED CERAMIC SHOE STUDS from iGrip. Premium Canadian screw studs designed for maximum traction, durability, and easy installation.","og_url":"https:\/\/igripstud.eu\/lt\/produktas\/sf-11-igrip-shouldered-ceramic-tire-studs\/","og_site_name":"IGRIP SCREW STUD","article_modified_time":"2025-11-23T10:28:30+00:00","og_image":[{"width":751,"height":626,"url":"https:\/\/igripstud.eu\/wp-content\/uploads\/2024\/11\/sf-11-2_751x626_1665130576.png","type":"image\/png"}],"twitter_card":"summary_large_image","twitter_description":"Buy SF-11 IGRIP SHOULDERED CERAMIC SHOE STUDS from iGrip. Premium Canadian screw studs designed for maximum traction, durability, and easy installation.","twitter_misc":{"Est. reading time":"1 minut\u0117"},"schema":{"@context":"https:\/\/schema.org","@graph":[{"@type":"WebPage","@id":"https:\/\/igripstud.eu\/product\/sf-11-igrip-shouldered-ceramic-tire-studs\/","url":"https:\/\/igripstud.eu\/product\/sf-11-igrip-shouldered-ceramic-tire-studs\/","name":"SF-11 IGRIP SHOULDERED CERAMIC SHOE STUDS - IGRIP SCREW STUD","isPartOf":{"@id":"https:\/\/igripstud.eu\/#website"},"primaryImageOfPage":{"@id":"https:\/\/igripstud.eu\/product\/sf-11-igrip-shouldered-ceramic-tire-studs\/#primaryimage"},"image":{"@id":"https:\/\/igripstud.eu\/product\/sf-11-igrip-shouldered-ceramic-tire-studs\/#primaryimage"},"thumbnailUrl":"https:\/\/igripstud.eu\/wp-content\/uploads\/2024\/11\/sf-11-2_751x626_1665130576.png","datePublished":"2024-11-21T09:05:55+00:00","dateModified":"2025-11-23T10:28:30+00:00","description":"Buy SF-11 IGRIP SHOULDERED CERAMIC SHOE STUDS from iGrip. Premium Canadian screw studs designed for maximum traction, durability, and easy installation.","breadcrumb":{"@id":"https:\/\/igripstud.eu\/product\/sf-11-igrip-shouldered-ceramic-tire-studs\/#breadcrumb"},"inLanguage":"lt-LT","potentialAction":[{"@type":"ReadAction","target":["https:\/\/igripstud.eu\/product\/sf-11-igrip-shouldered-ceramic-tire-studs\/"]}]},{"@type":"ImageObject","inLanguage":"lt-LT","@id":"https:\/\/igripstud.eu\/product\/sf-11-igrip-shouldered-ceramic-tire-studs\/#primaryimage","url":"https:\/\/igripstud.eu\/wp-content\/uploads\/2024\/11\/sf-11-2_751x626_1665130576.png","contentUrl":"https:\/\/igripstud.eu\/wp-content\/uploads\/2024\/11\/sf-11-2_751x626_1665130576.png","width":751,"height":626},{"@type":"BreadcrumbList","@id":"https:\/\/igripstud.eu\/product\/sf-11-igrip-shouldered-ceramic-tire-studs\/#breadcrumb","itemListElement":[{"@type":"ListItem","position":1,"name":"Home","item":"https:\/\/igripstud.eu\/"},{"@type":"ListItem","position":2,"name":"Shop","item":"https:\/\/igripstud.eu\/shop\/"},{"@type":"ListItem","position":3,"name":"SF-11 IGRIP SHOULDERED CERAMIC SHOE STUDS"}]},{"@type":"WebSite","@id":"https:\/\/igripstud.eu\/#website","url":"https:\/\/igripstud.eu\/","name":"IGRIP SCREW STUD","description":"iGripstud.shop","publisher":{"@id":"https:\/\/igripstud.eu\/#organization"},"potentialAction":[{"@type":"SearchAction","target":{"@type":"EntryPoint","urlTemplate":"https:\/\/igripstud.eu\/?s={search_term_string}"},"query-input":{"@type":"PropertyValueSpecification","valueRequired":true,"valueName":"search_term_string"}}],"inLanguage":"lt-LT"},{"@type":"Organization","@id":"https:\/\/igripstud.eu\/#organization","name":"IGRIP SCREW STUD","url":"https:\/\/igripstud.eu\/","logo":{"@type":"ImageObject","inLanguage":"lt-LT","@id":"https:\/\/igripstud.eu\/#\/schema\/logo\/image\/","url":"https:\/\/igripstud.eu\/wp-content\/uploads\/2024\/11\/igriplogo.png","contentUrl":"https:\/\/igripstud.eu\/wp-content\/uploads\/2024\/11\/igriplogo.png","width":298,"height":101,"caption":"IGRIP SCREW STUD"},"image":{"@id":"https:\/\/igripstud.eu\/#\/schema\/logo\/image\/"}}]}},"_links":{"self":[{"href":"https:\/\/igripstud.eu\/lt\/wp-json\/wp\/v2\/product\/230","targetHints":{"allow":["GET"]}}],"collection":[{"href":"https:\/\/igripstud.eu\/lt\/wp-json\/wp\/v2\/product"}],"about":[{"href":"https:\/\/igripstud.eu\/lt\/wp-json\/wp\/v2\/types\/product"}],"replies":[{"embeddable":true,"href":"https:\/\/igripstud.eu\/lt\/wp-json\/wp\/v2\/comments?post=230"}],"wp:featuredmedia":[{"embeddable":true,"href":"https:\/\/igripstud.eu\/lt\/wp-json\/wp\/v2\/media\/255"}],"wp:attachment":[{"href":"https:\/\/igripstud.eu\/lt\/wp-json\/wp\/v2\/media?parent=230"}],"wp:term":[{"taxonomy":"product_brand","embeddable":true,"href":"https:\/\/igripstud.eu\/lt\/wp-json\/wp\/v2\/product_brand?post=230"},{"taxonomy":"product_cat","embeddable":true,"href":"https:\/\/igripstud.eu\/lt\/wp-json\/wp\/v2\/product_cat?post=230"},{"taxonomy":"product_tag","embeddable":true,"href":"https:\/\/igripstud.eu\/lt\/wp-json\/wp\/v2\/product_tag?post=230"}],"curies":[{"name":"wp","href":"https:\/\/api.w.org\/{rel}","templated":true}]}}